{"id":944,"date":"2020-04-23T21:43:26","date_gmt":"2020-04-23T21:43:26","guid":{"rendered":"https:\/\/hgsenrollprod.wpengine.com\/?post_type=product&#038;p=944"},"modified":"2020-04-23T21:43:45","modified_gmt":"2020-04-23T21:43:45","slug":"mathematics-6-b","status":"publish","type":"product","link":"https:\/\/pay.myhudsonglobal.com\/fr\/product\/mathematiques-6-b\/","title":{"rendered":"Math\u00e9matiques 6 B"},"content":{"rendered":"<p><span class=\"TextRun SCXW233324151 BCX0\" lang=\"EN-US\" xml:lang=\"EN-US\" data-contrast=\"auto\"><span class=\"NormalTextRun SCXW233324151 BCX0\">Dans ce cours, les \u00e9l\u00e8ves d\u00e9veloppent leurs comp\u00e9tences de base en math\u00e9matiques, en apprenant \u00e0 additionner, soustraire, multiplier et diviser des nombres entiers, des nombres d\u00e9cimaux et des fractions. Les le\u00e7ons explorent \u00e9galement les rapports et les proportions, l'ordre des op\u00e9rations et la fa\u00e7on de les utiliser pour r\u00e9soudre des probl\u00e8mes d'application. Les \u00e9l\u00e8ves seront initi\u00e9s aux bases de l'alg\u00e8bre et des expressions alg\u00e9briques. Ils apprendront \u00e0 appliquer ces comp\u00e9tences de r\u00e9solution de probl\u00e8mes aux pourcentages et \u00e0 la r\u00e9solution d'\u00e9quations \u00e0 une ou plusieurs \u00e9tapes, ainsi qu'\u00e0 la g\u00e9om\u00e9trie, aux probabilit\u00e9s et aux statistiques.<\/span><\/span><span class=\"EOP SCXW233324151 BCX0\" data-ccp-props=\"{&quot;201341983&quot;:1,&quot;335551550&quot;:6,&quot;335551620&quot;:6,&quot;335559740&quot;:280}\">\u00a0<\/span><\/p>","protected":false},"excerpt":{"rendered":"<p><span class=\"TextRun SCXW233324151 BCX0\" lang=\"EN-US\" xml:lang=\"EN-US\" data-contrast=\"auto\"><span class=\"NormalTextRun SCXW233324151 BCX0\">Dans ce cours, les \u00e9l\u00e8ves d\u00e9velopperont leurs comp\u00e9tences de base en math\u00e9matiques, en apprenant \u00e0 additionner, soustraire, multiplier et diviser des nombres entiers, des nombres d\u00e9cimaux et des fractions.<\/span><\/span><\/p>","protected":false},"featured_media":839,"template":"","meta":[],"_links":{"self":[{"href":"https:\/\/pay.myhudsonglobal.com\/fr\/wp-json\/wp\/v2\/product\/944"}],"collection":[{"href":"https:\/\/pay.myhudsonglobal.com\/fr\/wp-json\/wp\/v2\/product"}],"about":[{"href":"https:\/\/pay.myhudsonglobal.com\/fr\/wp-json\/wp\/v2\/types\/product"}],"wp:featuredmedia":[{"embeddable":true,"href":"https:\/\/pay.myhudsonglobal.com\/fr\/wp-json\/wp\/v2\/media\/839"}],"wp:attachment":[{"href":"https:\/\/pay.myhudsonglobal.com\/fr\/wp-json\/wp\/v2\/media?parent=944"}],"curies":[{"name":"wp","href":"https:\/\/api.w.org\/{rel}","templated":true}]}}