{"id":929,"date":"2020-04-23T19:25:47","date_gmt":"2020-04-23T19:25:47","guid":{"rendered":"https:\/\/hgsenrollprod.wpengine.com\/?post_type=product&#038;p=929"},"modified":"2020-04-23T19:26:23","modified_gmt":"2020-04-23T19:26:23","slug":"integrated-math-2-b-elective","status":"publish","type":"product","link":"https:\/\/pay.myhudsonglobal.com\/fr\/product\/mathematiques-integrees-2-b-au-choix\/","title":{"rendered":"Math\u00e9matiques int\u00e9gr\u00e9es 2 B (au choix)"},"content":{"rendered":"<p><span data-contrast=\"auto\">Les \u00e9l\u00e8ves du cours de math\u00e9matiques int\u00e9gr\u00e9es 2 se concentreront sur le regroupement et l'application de l'accumulation des connaissances acquises lors des cours de math\u00e9matiques pr\u00e9c\u00e9dents. Ils appliqueront des m\u00e9thodes de probabilit\u00e9s et de statistiques, \u00e9largiront leur r\u00e9pertoire de fonctions pour y inclure les fonctions polynomiales, rationnelles et radicales, et approfondiront leur \u00e9tude de la trigonom\u00e9trie du triangle rectangle. En outre, ils rassembleront toute leur exp\u00e9rience des fonctions et de la g\u00e9om\u00e9trie pour cr\u00e9er des mod\u00e8les et r\u00e9soudre des probl\u00e8mes contextuels.<\/span><span data-ccp-props=\"{&quot;201341983&quot;:1,&quot;335551550&quot;:6,&quot;335551620&quot;:6,&quot;335559740&quot;:280}\">\u00a0<\/span><\/p>\n<p><b><span data-contrast=\"auto\">Pr\u00e9requis :<\/span><\/b><span data-contrast=\"auto\">\u00a0Math\u00e9matiques int\u00e9gr\u00e9es 1<\/span><span data-ccp-props=\"{&quot;201341983&quot;:1,&quot;335551550&quot;:6,&quot;335551620&quot;:6,&quot;335559740&quot;:280}\">\u00a0<\/span><\/p>","protected":false},"excerpt":{"rendered":"<p><span data-contrast=\"auto\">Les \u00e9l\u00e8ves appliqueront des m\u00e9thodes de probabilit\u00e9 et de statistique, \u00e9largiront leur r\u00e9pertoire de fonctions pour y inclure les fonctions polynomiales, rationnelles et radicales, et approfondiront leur \u00e9tude de la trigonom\u00e9trie du triangle rectangle.<\/span><\/p>\n<p><b><span data-contrast=\"auto\">Pr\u00e9requis :<\/span><\/b><span data-contrast=\"auto\">\u00a0Math\u00e9matiques int\u00e9gr\u00e9es 1, <strong>Au choix<\/strong><\/span><\/p>","protected":false},"featured_media":839,"template":"","meta":[],"_links":{"self":[{"href":"https:\/\/pay.myhudsonglobal.com\/fr\/wp-json\/wp\/v2\/product\/929"}],"collection":[{"href":"https:\/\/pay.myhudsonglobal.com\/fr\/wp-json\/wp\/v2\/product"}],"about":[{"href":"https:\/\/pay.myhudsonglobal.com\/fr\/wp-json\/wp\/v2\/types\/product"}],"wp:featuredmedia":[{"embeddable":true,"href":"https:\/\/pay.myhudsonglobal.com\/fr\/wp-json\/wp\/v2\/media\/839"}],"wp:attachment":[{"href":"https:\/\/pay.myhudsonglobal.com\/fr\/wp-json\/wp\/v2\/media?parent=929"}],"curies":[{"name":"wp","href":"https:\/\/api.w.org\/{rel}","templated":true}]}}