{"id":923,"date":"2020-04-23T18:25:21","date_gmt":"2020-04-23T18:25:21","guid":{"rendered":"https:\/\/hgsenrollprod.wpengine.com\/?post_type=product&#038;p=923"},"modified":"2020-04-23T18:25:57","modified_gmt":"2020-04-23T18:25:57","slug":"german-ii-b-2","status":"publish","type":"product","link":"https:\/\/pay.myhudsonglobal.com\/fr\/product\/german-ii-b-2\/","title":{"rendered":"Allemand II B"},"content":{"rendered":"<p><span data-contrast=\"auto\">Dans ce cours, les \u00e9tudiants d\u00e9velopperont leurs comp\u00e9tences en grammaire et en langue allemandes. Ils reverront les bases de la grammaire, apprendront et \u00e9tudieront la conjugaison des verbes \u00e0 tige changeante et exploreront des th\u00e8mes culturels concernant l'actualit\u00e9, les Allemands c\u00e9l\u00e8bres, la musique et les festivals. Au cours du second semestre, les \u00e9tudiants am\u00e9lioreront leurs comp\u00e9tences en formant des phrases plus complexes. Des th\u00e8mes culturels sont abord\u00e9s tout au long du cours.<\/span><span data-ccp-props=\"{&quot;201341983&quot;:1,&quot;335551550&quot;:6,&quot;335551620&quot;:6,&quot;335559740&quot;:280}\">\u00a0<\/span><\/p>\n<p><b><span data-contrast=\"auto\">Prequisite<\/span><\/b><b><span data-contrast=\"auto\">:<\/span><\/b><span data-contrast=\"auto\">\u00a0German I<\/span><span data-ccp-props=\"{&quot;201341983&quot;:1,&quot;335551550&quot;:6,&quot;335551620&quot;:6,&quot;335559740&quot;:280}\">\u00a0<\/span><\/p>","protected":false},"excerpt":{"rendered":"<p><span data-contrast=\"auto\">Les \u00e9tudiants r\u00e9viseront les comp\u00e9tences grammaticales de base, apprendront et \u00e9tudieront la conjugaison des verbes \u00e0 tige changeante, et exploreront des th\u00e8mes culturels concernant les \u00e9v\u00e9nements actuels, les personnes allemandes c\u00e9l\u00e8bres, la musique et les festivals. <\/span><\/p>\n<p><b><span data-contrast=\"auto\">Prequisite<\/span><\/b><b><span data-contrast=\"auto\">:<\/span><\/b><span data-contrast=\"auto\">\u00a0German I<\/span><span data-ccp-props=\"{&quot;201341983&quot;:1,&quot;335551550&quot;:6,&quot;335551620&quot;:6,&quot;335559740&quot;:280}\">\u00a0<\/span><\/p>","protected":false},"featured_media":846,"template":"","meta":[],"_links":{"self":[{"href":"https:\/\/pay.myhudsonglobal.com\/fr\/wp-json\/wp\/v2\/product\/923"}],"collection":[{"href":"https:\/\/pay.myhudsonglobal.com\/fr\/wp-json\/wp\/v2\/product"}],"about":[{"href":"https:\/\/pay.myhudsonglobal.com\/fr\/wp-json\/wp\/v2\/types\/product"}],"wp:featuredmedia":[{"embeddable":true,"href":"https:\/\/pay.myhudsonglobal.com\/fr\/wp-json\/wp\/v2\/media\/846"}],"wp:attachment":[{"href":"https:\/\/pay.myhudsonglobal.com\/fr\/wp-json\/wp\/v2\/media?parent=923"}],"curies":[{"name":"wp","href":"https:\/\/api.w.org\/{rel}","templated":true}]}}