{"id":914,"date":"2020-04-23T17:04:19","date_gmt":"2020-04-23T17:04:19","guid":{"rendered":"https:\/\/hgsenrollprod.wpengine.com\/?post_type=product&#038;p=914"},"modified":"2020-04-23T17:05:07","modified_gmt":"2020-04-23T17:05:07","slug":"consumer-math-b","status":"publish","type":"product","link":"https:\/\/pay.myhudsonglobal.com\/fr\/product\/mathematiques-de-la-consommation-b\/","title":{"rendered":"Math\u00e9matiques de la consommation B"},"content":{"rendered":"<p><span class=\"TextRun SCXW117042321 BCX0\" lang=\"EN-US\" xml:lang=\"EN-US\" data-contrast=\"auto\"><span class=\"NormalTextRun SCXW117042321 BCX0\">Ce cours se concentre sur les math\u00e9matiques impliqu\u00e9es dans la prise de d\u00e9cisions judicieuses en mati\u00e8re de consommation. Les \u00e9l\u00e8ves explorent les nombreuses fa\u00e7ons dont les math\u00e9matiques affectent leur vie quotidienne. Au cours du premier semestre, l'accent est mis sur les fiches de paie et les salaires, les imp\u00f4ts, les assurances, les budgets, les comptes bancaires, les cartes de cr\u00e9dit, les calculs d'int\u00e9r\u00eats et les comparaisons de prix. Au second semestre, les th\u00e8mes abord\u00e9s sont l'achat d'un v\u00e9hicule ou d'une maison, les investissements, la gestion d'une entreprise et d'un employ\u00e9.<\/span><\/span><span class=\"EOP SCXW117042321 BCX0\" data-ccp-props=\"{&quot;201341983&quot;:1,&quot;335551550&quot;:6,&quot;335551620&quot;:6,&quot;335559740&quot;:280}\">\u00a0<\/span><\/p>","protected":false},"excerpt":{"rendered":"<p><span class=\"TextRun SCXW117042321 BCX0\" lang=\"EN-US\" xml:lang=\"EN-US\" data-contrast=\"auto\"><span class=\"NormalTextRun SCXW117042321 BCX0\">Les \u00e9l\u00e8ves explorent les nombreuses fa\u00e7ons dont les math\u00e9matiques influencent leur vie quotidienne.\u00a0<\/span><\/span><\/p>","protected":false},"featured_media":843,"template":"","meta":[],"_links":{"self":[{"href":"https:\/\/pay.myhudsonglobal.com\/fr\/wp-json\/wp\/v2\/product\/914"}],"collection":[{"href":"https:\/\/pay.myhudsonglobal.com\/fr\/wp-json\/wp\/v2\/product"}],"about":[{"href":"https:\/\/pay.myhudsonglobal.com\/fr\/wp-json\/wp\/v2\/types\/product"}],"wp:featuredmedia":[{"embeddable":true,"href":"https:\/\/pay.myhudsonglobal.com\/fr\/wp-json\/wp\/v2\/media\/843"}],"wp:attachment":[{"href":"https:\/\/pay.myhudsonglobal.com\/fr\/wp-json\/wp\/v2\/media?parent=914"}],"curies":[{"name":"wp","href":"https:\/\/api.w.org\/{rel}","templated":true}]}}