{"id":706,"date":"2020-04-13T03:20:52","date_gmt":"2020-04-13T03:20:52","guid":{"rendered":"https:\/\/hgsenrollprod.wpengine.com\/?post_type=product&#038;p=706"},"modified":"2020-04-24T22:03:55","modified_gmt":"2020-04-24T22:03:55","slug":"physical-science-8-a","status":"publish","type":"product","link":"https:\/\/pay.myhudsonglobal.com\/fr\/product\/sciences-physiques-8-a\/","title":{"rendered":"Sciences 8 A : Sciences physiques"},"content":{"rendered":"<p><span class=\"TextRun SCXW93814859 BCX0\" lang=\"EN-US\" xml:lang=\"EN-US\" data-contrast=\"auto\"><span class=\"NormalTextRun SCXW93814859 BCX0\">Ce cours est une introduction aux sciences physiques et \u00e0 la m\u00e9thodologie scientifique. Les objectifs sont de transmettre une connaissance de base des propri\u00e9t\u00e9s physiques et de la chimie de la mati\u00e8re. Les comp\u00e9tences sont d\u00e9velopp\u00e9es en classe et renforc\u00e9es par des lectures \u00e0 faire \u00e0 la maison et des laboratoires int\u00e9ressants en rapport avec la vie de tous les jours.<\/span><\/span><span class=\"EOP SCXW93814859 BCX0\" data-ccp-props=\"{&quot;201341983&quot;:1,&quot;335551550&quot;:6,&quot;335551620&quot;:6,&quot;335559740&quot;:280}\">\u00a0<\/span><\/p>","protected":false},"excerpt":{"rendered":"<p><span class=\"TextRun SCXW93814859 BCX0\" lang=\"EN-US\" xml:lang=\"EN-US\" data-contrast=\"auto\"><span class=\"NormalTextRun SCXW93814859 BCX0\">Ce cours est une introduction aux sciences physiques et \u00e0 la m\u00e9thodologie scientifique.<\/span><\/span><\/p>","protected":false},"featured_media":841,"template":"","meta":[],"_links":{"self":[{"href":"https:\/\/pay.myhudsonglobal.com\/fr\/wp-json\/wp\/v2\/product\/706"}],"collection":[{"href":"https:\/\/pay.myhudsonglobal.com\/fr\/wp-json\/wp\/v2\/product"}],"about":[{"href":"https:\/\/pay.myhudsonglobal.com\/fr\/wp-json\/wp\/v2\/types\/product"}],"wp:featuredmedia":[{"embeddable":true,"href":"https:\/\/pay.myhudsonglobal.com\/fr\/wp-json\/wp\/v2\/media\/841"}],"wp:attachment":[{"href":"https:\/\/pay.myhudsonglobal.com\/fr\/wp-json\/wp\/v2\/media?parent=706"}],"curies":[{"name":"wp","href":"https:\/\/api.w.org\/{rel}","templated":true}]}}