{"id":703,"date":"2020-04-13T03:15:57","date_gmt":"2020-04-13T03:15:57","guid":{"rendered":"https:\/\/hgsenrollprod.wpengine.com\/?post_type=product&#038;p=703"},"modified":"2020-04-23T21:40:56","modified_gmt":"2020-04-23T21:40:56","slug":"mathematics-8-pre-algebra-a","status":"publish","type":"product","link":"https:\/\/pay.myhudsonglobal.com\/fr\/product\/mathematiques-8-pre-algebre-a\/","title":{"rendered":"Math\u00e9matiques 8 : Pr\u00e9alphab\u00e9tisation A"},"content":{"rendered":"<p><span class=\"TextRun SCXW117208414 BCX0\" lang=\"EN-US\" xml:lang=\"EN-US\" data-contrast=\"auto\"><span class=\"NormalTextRun SCXW117208414 BCX0\">Ce cours aidera les \u00e9l\u00e8ves \u00e0 passer du monde des math\u00e9matiques simples au monde de l'alg\u00e8bre et de la g\u00e9om\u00e9trie, en apprenant \u00e0 r\u00e9soudre des probl\u00e8mes du monde r\u00e9el. Les \u00e9l\u00e8ves seront initi\u00e9s \u00e0 des concepts de plus en plus abstraits et recevront une compr\u00e9hension concr\u00e8te des bases de la pens\u00e9e alg\u00e9brique. Gr\u00e2ce \u00e0 de nombreuses activit\u00e9s pratiques et \u00e0 des vid\u00e9os de d\u00e9monstration, ils auront de multiples occasions d'am\u00e9liorer leurs comp\u00e9tences en mati\u00e8re de r\u00e9solution de probl\u00e8mes.<\/span><\/span><span class=\"EOP SCXW117208414 BCX0\" data-ccp-props=\"{&quot;201341983&quot;:1,&quot;335551550&quot;:6,&quot;335551620&quot;:6,&quot;335559740&quot;:280}\">\u00a0<\/span><\/p>","protected":false},"excerpt":{"rendered":"<p><span class=\"TextRun SCXW117208414 BCX0\" lang=\"EN-US\" xml:lang=\"EN-US\" data-contrast=\"auto\"><span class=\"NormalTextRun SCXW117208414 BCX0\">Les \u00e9l\u00e8ves seront initi\u00e9s \u00e0 des concepts de plus en plus abstraits et recevront une compr\u00e9hension concr\u00e8te des bases de la pens\u00e9e alg\u00e9brique.<\/span><\/span><\/p>","protected":false},"featured_media":839,"template":"","meta":[],"_links":{"self":[{"href":"https:\/\/pay.myhudsonglobal.com\/fr\/wp-json\/wp\/v2\/product\/703"}],"collection":[{"href":"https:\/\/pay.myhudsonglobal.com\/fr\/wp-json\/wp\/v2\/product"}],"about":[{"href":"https:\/\/pay.myhudsonglobal.com\/fr\/wp-json\/wp\/v2\/types\/product"}],"wp:featuredmedia":[{"embeddable":true,"href":"https:\/\/pay.myhudsonglobal.com\/fr\/wp-json\/wp\/v2\/media\/839"}],"wp:attachment":[{"href":"https:\/\/pay.myhudsonglobal.com\/fr\/wp-json\/wp\/v2\/media?parent=703"}],"curies":[{"name":"wp","href":"https:\/\/api.w.org\/{rel}","templated":true}]}}