{"id":647,"date":"2020-04-12T05:41:17","date_gmt":"2020-04-12T05:41:17","guid":{"rendered":"https:\/\/hgsenrollprod.wpengine.com\/?post_type=product&#038;p=647"},"modified":"2020-04-23T19:54:20","modified_gmt":"2020-04-23T19:54:20","slug":"college-career-readiness","status":"publish","type":"product","link":"https:\/\/pay.myhudsonglobal.com\/fr\/product\/college-career-readiness\/","title":{"rendered":"Pr\u00e9paration \u00e0 l'enseignement sup\u00e9rieur et \u00e0 la carri\u00e8re"},"content":{"rendered":"<p aria-level=\"3\"><span data-contrast=\"auto\">This course will assist students in learning about a variety of college writing assignments, as well as the most efficient and effective methods to complete them.\u00a0 Each unit focuses on a different type of college writing and techniques.<\/span><span data-ccp-props=\"{&quot;201341983&quot;:1,&quot;335551550&quot;:6,&quot;335551620&quot;:6,&quot;335559740&quot;:280}\">\u00a0<\/span><\/p>","protected":false},"excerpt":{"rendered":"<p aria-level=\"3\"><span data-contrast=\"auto\">This course will assist students in learning about a variety of college writing assignments, as well as the most efficient and effective methods to complete them.<\/span><\/p>\n<p><span data-ccp-props=\"{&quot;201341983&quot;:1,&quot;335551550&quot;:6,&quot;335551620&quot;:6,&quot;335559740&quot;:280}\">\u00a0<\/span><\/p>","protected":false},"featured_media":847,"template":"","meta":[],"_links":{"self":[{"href":"https:\/\/pay.myhudsonglobal.com\/fr\/wp-json\/wp\/v2\/product\/647"}],"collection":[{"href":"https:\/\/pay.myhudsonglobal.com\/fr\/wp-json\/wp\/v2\/product"}],"about":[{"href":"https:\/\/pay.myhudsonglobal.com\/fr\/wp-json\/wp\/v2\/types\/product"}],"wp:featuredmedia":[{"embeddable":true,"href":"https:\/\/pay.myhudsonglobal.com\/fr\/wp-json\/wp\/v2\/media\/847"}],"wp:attachment":[{"href":"https:\/\/pay.myhudsonglobal.com\/fr\/wp-json\/wp\/v2\/media?parent=647"}],"curies":[{"name":"wp","href":"https:\/\/api.w.org\/{rel}","templated":true}]}}