{"id":599,"date":"2020-04-11T18:23:34","date_gmt":"2020-04-11T18:23:34","guid":{"rendered":"https:\/\/hgsenrollprod.wpengine.com\/?post_type=product&#038;p=599"},"modified":"2020-04-23T20:48:55","modified_gmt":"2020-04-23T20:48:55","slug":"economics","status":"publish","type":"product","link":"https:\/\/pay.myhudsonglobal.com\/fr\/product\/economie\/","title":{"rendered":"\u00c9conomie"},"content":{"rendered":"<p><span class=\"TextRun SCXW230914223 BCX0\" lang=\"EN-US\" xml:lang=\"EN-US\" data-contrast=\"auto\"><span class=\"NormalTextRun SCXW230914223 BCX0\">Ce cours pr\u00e9sente les principes et les applications de l'\u00e9conomie dans la vie quotidienne. Les \u00e9l\u00e8ves d\u00e9veloppent une compr\u00e9hension des ressources limit\u00e9es et les comparent \u00e0 des d\u00e9sirs et des besoins illimit\u00e9s. Les \u00e9l\u00e8ves apprennent comment les d\u00e9cisions \u00e9conomiques individuelles et nationales sont prises pour r\u00e9partir les biens et les services entre des utilisateurs concurrents. Les \u00e9l\u00e8ves appliquent les principes \u00e9conomiques \u00e0 la r\u00e9flexion et \u00e0 la r\u00e9solution de probl\u00e8mes. L'\u00e9tude de l'\u00e9conomie utilise le point de vue des institutions et des politiques \u00e9conomiques pour explorer l'histoire, l'organisation et les fonctions du gouvernement am\u00e9ricain dans le contr\u00f4le de notre \u00e9conomie. Elle offre aux \u00e9tudiants des possibilit\u00e9s d'apprentissage qui s'appuient les unes sur les autres. L'un des objectifs du cours est de permettre \u00e0 l'\u00e9tudiant de d\u00e9velopper des comp\u00e9tences critiques d'analyse, de synth\u00e8se et d'\u00e9valuation dans un cadre acad\u00e9mique exigeant et r\u00e9fl\u00e9chi. Les \u00e9tudiants sont encourag\u00e9s \u00e0 utiliser leurs connaissances des politiques et des institutions \u00e9conomiques pour d\u00e9velopper leurs propres opinions sur les questions \u00e9conomiques et mon\u00e9taires actuelles. Ils apprennent \u00e0 appliquer ce qu'ils ont appris dans leurs activit\u00e9s financi\u00e8res personnelles. Le cours examine de pr\u00e8s les connaissances et les valeurs \u00e9conomiques du pays et donne aux \u00e9tudiants un aper\u00e7u des probl\u00e8mes rencontr\u00e9s par les pr\u00e9sidents et les repr\u00e9sentants du Congr\u00e8s. Il couvre \u00e9galement le r\u00f4le des activistes politiques, des partis politiques, des groupes d'int\u00e9r\u00eat et des m\u00e9dias dans le fa\u00e7onnement de l'\u00e9conomie am\u00e9ricaine. La Cour supr\u00eame est pr\u00e9sent\u00e9e comme la voix de la raison dans l'\u00e9quilibre des pouvoirs. Les \u00e9l\u00e8ves sont encourag\u00e9s \u00e0 atteindre des niveaux plus \u00e9lev\u00e9s lorsqu'on leur pr\u00e9sente des documents historiques et des lectures compl\u00e9mentaires, qu'ils travaillent sur un ensemble de faits class\u00e9s par th\u00e8me, qu'ils deviennent habiles \u00e0 prendre des notes et qu'ils participent \u00e0 des discussions entre \u00e9l\u00e8ves. Les \u00e9l\u00e8ves d\u00e9veloppent et d\u00e9montrent leurs comp\u00e9tences en mati\u00e8re d'\u00e9criture en pr\u00e9parant des travaux de recherche approfondis.<\/span><\/span><span class=\"EOP SCXW230914223 BCX0\" data-ccp-props=\"{&quot;201341983&quot;:1,&quot;335551550&quot;:6,&quot;335551620&quot;:6,&quot;335559740&quot;:280}\">\u00a0<\/span><\/p>","protected":false},"excerpt":{"rendered":"<p><span class=\"TextRun SCXW230914223 BCX0\" lang=\"EN-US\" xml:lang=\"EN-US\" data-contrast=\"auto\"><span class=\"NormalTextRun SCXW230914223 BCX0\">Les \u00e9l\u00e8ves apprennent comment les d\u00e9cisions \u00e9conomiques individuelles et nationales sont prises pour r\u00e9partir les biens et les services entre des utilisateurs concurrents.<\/span><\/span><\/p>","protected":false},"featured_media":840,"template":"","meta":[],"_links":{"self":[{"href":"https:\/\/pay.myhudsonglobal.com\/fr\/wp-json\/wp\/v2\/product\/599"}],"collection":[{"href":"https:\/\/pay.myhudsonglobal.com\/fr\/wp-json\/wp\/v2\/product"}],"about":[{"href":"https:\/\/pay.myhudsonglobal.com\/fr\/wp-json\/wp\/v2\/types\/product"}],"wp:featuredmedia":[{"embeddable":true,"href":"https:\/\/pay.myhudsonglobal.com\/fr\/wp-json\/wp\/v2\/media\/840"}],"wp:attachment":[{"href":"https:\/\/pay.myhudsonglobal.com\/fr\/wp-json\/wp\/v2\/media?parent=599"}],"curies":[{"name":"wp","href":"https:\/\/api.w.org\/{rel}","templated":true}]}}