{"id":574,"date":"2020-04-10T23:23:33","date_gmt":"2020-04-10T23:23:33","guid":{"rendered":"https:\/\/hgsenrollprod.wpengine.com\/?post_type=product&#038;p=574"},"modified":"2020-04-23T20:32:33","modified_gmt":"2020-04-23T20:32:33","slug":"geometry-b","status":"publish","type":"product","link":"https:\/\/pay.myhudsonglobal.com\/fr\/product\/geometrie-b\/","title":{"rendered":"G\u00e9om\u00e9trie B"},"content":{"rendered":"<p><span data-contrast=\"auto\">Semestre B<\/span><span data-contrast=\"auto\">\u00a0&#8211;\u00a0<\/span><span data-contrast=\"auto\">Ce cours s'appuie sur les fondements des premiers trimestres de g\u00e9om\u00e9trie. Comme dans les cours pr\u00e9c\u00e9dents, l'accent est mis sur le raisonnement d\u00e9ductif et inductif, tout en appliquant les techniques de r\u00e9solution de probl\u00e8mes \u00e0 des probl\u00e8mes du monde r\u00e9el. Les \u00e9l\u00e8ves explorent les quadrilat\u00e8res et les cercles, et apprennent comment un objet est transform\u00e9, ainsi que la fa\u00e7on de repr\u00e9senter cette transformation alg\u00e9briquement et g\u00e9om\u00e9triquement. Les \u00e9l\u00e8ves calculent la surface et le volume d'objets \u00e0 deux et trois dimensions. La g\u00e9om\u00e9trie B se compose de six modules. Chaque module comprend dix le\u00e7ons pour un total de 60 le\u00e7ons dans le cours.<\/span><span data-ccp-props=\"{&quot;201341983&quot;:1,&quot;335551550&quot;:6,&quot;335551620&quot;:6,&quot;335559740&quot;:280}\">\u00a0<\/span><\/p>\n<p><b><span data-contrast=\"auto\">Pr\u00e9requis<\/span><\/b><b><span data-contrast=\"auto\">:<\/span><\/b><span data-contrast=\"auto\">\u00a0<\/span><span data-contrast=\"auto\">Alg\u00e8bre\u00a0<\/span><span data-contrast=\"auto\">1<\/span><span data-ccp-props=\"{&quot;201341983&quot;:1,&quot;335551550&quot;:6,&quot;335551620&quot;:6,&quot;335559740&quot;:280}\">\u00a0<\/span><\/p>","protected":false},"excerpt":{"rendered":"<p><span data-contrast=\"auto\">Les \u00e9l\u00e8ves explorent les quadrilat\u00e8res et les cercles et apprennent comment un objet est transform\u00e9 et comment repr\u00e9senter cette transformation de mani\u00e8re alg\u00e9brique et g\u00e9om\u00e9trique.<\/span><\/p>\n<p><b><span data-contrast=\"auto\">Pr\u00e9requis<\/span><\/b><b><span data-contrast=\"auto\">:<\/span><\/b><span data-contrast=\"auto\">\u00a0<\/span><span data-contrast=\"auto\">Alg\u00e8bre\u00a0<\/span><span data-contrast=\"auto\">1<\/span><span data-ccp-props=\"{&quot;201341983&quot;:1,&quot;335551550&quot;:6,&quot;335551620&quot;:6,&quot;335559740&quot;:280}\">\u00a0<\/span><\/p>","protected":false},"featured_media":839,"template":"","meta":[],"_links":{"self":[{"href":"https:\/\/pay.myhudsonglobal.com\/fr\/wp-json\/wp\/v2\/product\/574"}],"collection":[{"href":"https:\/\/pay.myhudsonglobal.com\/fr\/wp-json\/wp\/v2\/product"}],"about":[{"href":"https:\/\/pay.myhudsonglobal.com\/fr\/wp-json\/wp\/v2\/types\/product"}],"wp:featuredmedia":[{"embeddable":true,"href":"https:\/\/pay.myhudsonglobal.com\/fr\/wp-json\/wp\/v2\/media\/839"}],"wp:attachment":[{"href":"https:\/\/pay.myhudsonglobal.com\/fr\/wp-json\/wp\/v2\/media?parent=574"}],"curies":[{"name":"wp","href":"https:\/\/api.w.org\/{rel}","templated":true}]}}