{"id":555,"date":"2020-04-10T22:54:07","date_gmt":"2020-04-10T22:54:07","guid":{"rendered":"https:\/\/hgsenrollprod.wpengine.com\/?post_type=product&#038;p=555"},"modified":"2020-04-23T20:31:59","modified_gmt":"2020-04-23T20:31:59","slug":"algebra-ii-a","status":"publish","type":"product","link":"https:\/\/pay.myhudsonglobal.com\/fr\/product\/algebre-ii-a\/","title":{"rendered":"Alg\u00e8bre II A"},"content":{"rendered":"<p><span class=\"TextRun SCXW139338145 BCX0\" lang=\"EN-US\" xml:lang=\"EN-US\" data-contrast=\"auto\"><span class=\"NormalTextRun SCXW139338145 BCX0\">Semestre<\/span><\/span><span class=\"TextRun SCXW139338145 BCX0\" lang=\"EN-US\" xml:lang=\"EN-US\" data-contrast=\"auto\"><span class=\"NormalTextRun SCXW139338145 BCX0\">\u00a0A<\/span><\/span><span class=\"TextRun SCXW139338145 BCX0\" lang=\"EN-US\" xml:lang=\"EN-US\" data-contrast=\"auto\"><span class=\"NormalTextRun SCXW139338145 BCX0\">\u00a0&#8211;<\/span><\/span><span class=\"TextRun SCXW139338145 BCX0\" lang=\"EN-US\" xml:lang=\"EN-US\" data-contrast=\"auto\"><span class=\"NormalTextRun SCXW139338145 BCX0\">\u00a0Ce cours permet d'approfondir la compr\u00e9hension des concepts majeurs de l'alg\u00e8bre tels que les expressions, les \u00e9quations, les fonctions et les in\u00e9galit\u00e9s. L'accent sera mis sur l'utilisation de fonctions appropri\u00e9es pour mod\u00e9liser des situations du monde r\u00e9el et r\u00e9soudre les probl\u00e8mes qui en d\u00e9coulent. L'accent est \u00e9galement mis sur la repr\u00e9sentation graphique des fonctions \u00e0 la main et sur la compr\u00e9hension et l'identification des parties d'un graphique.<\/span><\/span><span class=\"EOP SCXW139338145 BCX0\" data-ccp-props=\"{&quot;201341983&quot;:1,&quot;335551550&quot;:6,&quot;335551620&quot;:6,&quot;335559740&quot;:280}\">\u00a0<\/span><\/p>\n<p><b><span data-contrast=\"auto\">Conditions pr\u00e9alables<\/span><\/b><b><span data-contrast=\"auto\">:<\/span><\/b><span data-contrast=\"auto\">\u00a0A<\/span><span data-contrast=\"auto\">alg\u00e8bre 1<\/span><span data-ccp-props=\"{&quot;201341983&quot;:1,&quot;335551550&quot;:6,&quot;335551620&quot;:6,&quot;335559740&quot;:280}\">\u00a0<\/span><\/p>","protected":false},"excerpt":{"rendered":"<p><span class=\"TextRun SCXW139338145 BCX0\" lang=\"EN-US\" xml:lang=\"EN-US\" data-contrast=\"auto\"><span class=\"NormalTextRun SCXW139338145 BCX0\">L'accent sera mis sur l'utilisation de fonctions appropri\u00e9es pour mod\u00e9liser des situations du monde r\u00e9el et r\u00e9soudre les probl\u00e8mes qui en d\u00e9coulent.<\/span><\/span><\/p>\n<p><b><span data-contrast=\"auto\">Conditions pr\u00e9alables<\/span><\/b><b><span data-contrast=\"auto\">:<\/span><\/b><span data-contrast=\"auto\">\u00a0A<\/span><span data-contrast=\"auto\">alg\u00e8bre 1<\/span><span data-ccp-props=\"{&quot;201341983&quot;:1,&quot;335551550&quot;:6,&quot;335551620&quot;:6,&quot;335559740&quot;:280}\">\u00a0<\/span><\/p>","protected":false},"featured_media":839,"template":"","meta":[],"_links":{"self":[{"href":"https:\/\/pay.myhudsonglobal.com\/fr\/wp-json\/wp\/v2\/product\/555"}],"collection":[{"href":"https:\/\/pay.myhudsonglobal.com\/fr\/wp-json\/wp\/v2\/product"}],"about":[{"href":"https:\/\/pay.myhudsonglobal.com\/fr\/wp-json\/wp\/v2\/types\/product"}],"wp:featuredmedia":[{"embeddable":true,"href":"https:\/\/pay.myhudsonglobal.com\/fr\/wp-json\/wp\/v2\/media\/839"}],"wp:attachment":[{"href":"https:\/\/pay.myhudsonglobal.com\/fr\/wp-json\/wp\/v2\/media?parent=555"}],"curies":[{"name":"wp","href":"https:\/\/api.w.org\/{rel}","templated":true}]}}