{"id":1083,"date":"2020-05-08T13:23:49","date_gmt":"2020-05-08T13:23:49","guid":{"rendered":"https:\/\/pay.myhudsonglobal.com\/?post_type=product&#038;p=1083"},"modified":"2022-10-03T17:07:39","modified_gmt":"2022-10-03T21:07:39","slug":"computer-basics","status":"publish","type":"product","link":"https:\/\/pay.myhudsonglobal.com\/fr\/product\/les-bases-de-linformatique\/","title":{"rendered":"Les bases de l'informatique"},"content":{"rendered":"<p><span class=\"TextRun SCXW81924764 BCX0\" lang=\"EN-US\" xml:lang=\"EN-US\" data-contrast=\"auto\"><span class=\"NormalTextRun SCXW81924764 BCX0\">Dans ce cours, les \u00e9tudiants apprendront \u00e0 utiliser des outils de productivit\u00e9 et de collaboration, tels que G Suite de Google Cloud, pour cr\u00e9er des documents de traitement de texte, des feuilles de calcul, des enqu\u00eates et des formulaires tels que des budgets personnels et des invitations.<\/span><\/span><span class=\"EOP SCXW81924764 BCX0\" data-ccp-props=\"{&quot;201341983&quot;:1,&quot;335551550&quot;:6,&quot;335551620&quot;:6,&quot;335559740&quot;:280}\">\u00a0<\/span><\/p>","protected":false},"excerpt":{"rendered":"<p><span class=\"TextRun SCXW81924764 BCX0\" lang=\"EN-US\" xml:lang=\"EN-US\" data-contrast=\"auto\"><span class=\"NormalTextRun SCXW81924764 BCX0\">Dans ce cours, les \u00e9tudiants apprendront \u00e0 utiliser les outils de productivit\u00e9 et de collaboration.<\/span><\/span><\/p>","protected":false},"featured_media":842,"template":"","meta":[],"_links":{"self":[{"href":"https:\/\/pay.myhudsonglobal.com\/fr\/wp-json\/wp\/v2\/product\/1083"}],"collection":[{"href":"https:\/\/pay.myhudsonglobal.com\/fr\/wp-json\/wp\/v2\/product"}],"about":[{"href":"https:\/\/pay.myhudsonglobal.com\/fr\/wp-json\/wp\/v2\/types\/product"}],"wp:featuredmedia":[{"embeddable":true,"href":"https:\/\/pay.myhudsonglobal.com\/fr\/wp-json\/wp\/v2\/media\/842"}],"wp:attachment":[{"href":"https:\/\/pay.myhudsonglobal.com\/fr\/wp-json\/wp\/v2\/media?parent=1083"}],"curies":[{"name":"wp","href":"https:\/\/api.w.org\/{rel}","templated":true}]}}