{"id":1004,"date":"2020-04-24T20:33:54","date_gmt":"2020-04-24T20:33:54","guid":{"rendered":"https:\/\/hgsenrollprod.wpengine.com\/?post_type=product&#038;p=1004"},"modified":"2020-04-24T20:34:57","modified_gmt":"2020-04-24T20:34:57","slug":"health-grade-4-b","status":"publish","type":"product","link":"https:\/\/pay.myhudsonglobal.com\/fr\/product\/health-grade-4-b\/","title":{"rendered":"Health Grade 4 B"},"content":{"rendered":"<p><span class=\"TextRun SCXW156843505 BCX0\" lang=\"EN-US\" xml:lang=\"EN-US\" data-contrast=\"auto\"><span class=\"NormalTextRun SCXW156843505 BCX0\">Dans le cours \u00e9l\u00e9mentaire de sant\u00e9 4, les \u00e9l\u00e8ves acqui\u00e8rent une compr\u00e9hension de base des aspects de la sant\u00e9. Ils se concentrent sur les diff\u00e9rents aspects de leur sant\u00e9 et sur la fa\u00e7on dont ils peuvent faire des choix sains. Les sujets abord\u00e9s comprennent la s\u00e9curit\u00e9 personnelle, la r\u00e9duction des maladies, la pr\u00e9vention des brimades, la nutrition, les amiti\u00e9s saines, les situations d'urgence et le corps humain. Les \u00e9l\u00e8ves de quatri\u00e8me ann\u00e9e \u00e9tudieront les syst\u00e8mes de fonctionnement du corps humain.<\/span><\/span><\/p>","protected":false},"excerpt":{"rendered":"<p><span class=\"TextRun SCXW156843505 BCX0\" lang=\"EN-US\" xml:lang=\"EN-US\" data-contrast=\"auto\"><span class=\"NormalTextRun SCXW156843505 BCX0\">Dans le cours \u00e9l\u00e9mentaire de sant\u00e9 4, les \u00e9l\u00e8ves acqui\u00e8rent une compr\u00e9hension de base des aspects de la sant\u00e9.<\/span><\/span><\/p>","protected":false},"featured_media":844,"template":"","meta":[],"_links":{"self":[{"href":"https:\/\/pay.myhudsonglobal.com\/fr\/wp-json\/wp\/v2\/product\/1004"}],"collection":[{"href":"https:\/\/pay.myhudsonglobal.com\/fr\/wp-json\/wp\/v2\/product"}],"about":[{"href":"https:\/\/pay.myhudsonglobal.com\/fr\/wp-json\/wp\/v2\/types\/product"}],"wp:featuredmedia":[{"embeddable":true,"href":"https:\/\/pay.myhudsonglobal.com\/fr\/wp-json\/wp\/v2\/media\/844"}],"wp:attachment":[{"href":"https:\/\/pay.myhudsonglobal.com\/fr\/wp-json\/wp\/v2\/media?parent=1004"}],"curies":[{"name":"wp","href":"https:\/\/api.w.org\/{rel}","templated":true}]}}