{"id":326,"date":"2019-07-26T18:28:49","date_gmt":"2019-07-26T18:28:49","guid":{"rendered":"https:\/\/actworldhs.wpengine.com\/?page_id=326"},"modified":"2019-07-26T18:31:45","modified_gmt":"2019-07-26T18:31:45","slug":"terms-of-use","status":"publish","type":"page","link":"https:\/\/pay.myhudsonglobal.com\/fr\/conditions-dutilisation\/","title":{"rendered":"Conditions d'utilisation"},"content":{"rendered":"<div id=\"cs-content\" class=\"cs-content\" >\n<div class=\"e326-1 x-section hero\" >\n    \n<div class=\"x-bg\" aria-hidden=\"true\" data-x-element=\"bg\" >\n  <div class=\"x-bg-layer-lower-image\" style=\" background-image: url(https:\/\/actworldhs.wpengine.com\/wp-content\/uploads\/2019\/07\/beatriz-perez-moya-XN4T2PVUUgk-unsplash.jpg); background-repeat: no-repeat; background-position: center; background-size: cover;\" ><\/div>  <div class=\"x-bg-layer-upper-color\" style=\" background-color: rgba(0, 0, 0, 0.3);\" ><\/div><\/div>\n  \n<div class=\"e326-2 x-container max width\" >\n    \n<div class=\"e326-3 x-column x-sm x-1-1\" >\n    \n<div class=\"e326-4 x-text\" >\n  <p style=\"text-align: center;\"><strong><span style=\"color: #ffffff;\">Conditions d'utilisation<\/span><\/strong><\/p><\/div>\n<\/div>\n<\/div>\n  <\/div>\n\n<div class=\"e326-5 x-section\" >\n      \n<div class=\"e326-6 x-container max width\" >\n    \n<div class=\"e326-7 x-column x-sm x-1-1\" >\n    \n<div class=\"e326-8 x-text\" >\n  <h4>Conditions d'utilisation<br \/><br \/>1. Conditions d'utilisation<\/h4>\n<p>En acc\u00e9dant \u00e0 ce site web, vous acceptez d'\u00eatre li\u00e9 par les dispositions suivantes<br \/>les conditions d'utilisation du site web, ainsi que toutes les lois et r\u00e9glementations applicables,<br \/>et reconnaissez que vous \u00eates responsable du respect de toutes les dispositions locales applicables en mati\u00e8re de s\u00e9curit\u00e9.<br \/>les lois. Si vous n'\u00eates pas d'accord avec l'une de ces conditions, il vous est interdit de<br \/>l'utilisation ou l'acc\u00e8s \u00e0 ce site. Le mat\u00e9riel contenu dans ce site web est<br \/>prot\u00e9g\u00e9s par la l\u00e9gislation applicable en mati\u00e8re de droits d'auteur et de marques.<\/p>\n<h4>2. Utiliser la licence<\/h4>\n<ol type=\"a\">\n<li>L'autorisation est accord\u00e9e de t\u00e9l\u00e9charger temporairement une copie du mat\u00e9riel<br \/>(informations ou logiciels) sur le site web de Virtual Schools of Excellence \u00e0 des fins personnelles,<br \/>uniquement pour un usage transitoire et non commercial. Il s'agit de l'octroi d'une licence,<br \/>n'est pas un transfert de titre, et dans le cadre de cette licence, vous ne pouvez pas :<br \/>\n<ol type=\"i\">\n<li>modifier ou copier le mat\u00e9riel ;<\/li>\n<li>utiliser le mat\u00e9riel \u00e0 des fins commerciales ou pour une pr\u00e9sentation publique (commerciale ou non) ;<\/li>\n<li>tenter de d\u00e9compiler ou d'inverser l'ing\u00e9nierie d'un logiciel contenu sur le site web de Virtual Schools of Excellence ;<\/li>\n<li>supprimer toute mention de droit d'auteur ou autre mention de propri\u00e9t\u00e9 du mat\u00e9riel ; ou<\/li>\n<li>de transf\u00e9rer le mat\u00e9riel \u00e0 une autre personne ou de cr\u00e9er un \"miroir\" du mat\u00e9riel sur un autre serveur.<\/li>\n<\/ol>\n<\/li>\n<li>Cette licence sera automatiquement r\u00e9sili\u00e9e si vous violez l'une de ces restrictions et peut \u00eatre r\u00e9sili\u00e9e par Virtual Schools of Excellence \u00e0 tout moment. Lorsque vous cessez de consulter ces documents ou que la pr\u00e9sente licence prend fin, vous devez d\u00e9truire tous les documents t\u00e9l\u00e9charg\u00e9s en votre possession, qu'ils soient sous forme \u00e9lectronique ou imprim\u00e9e.<\/li>\n<\/ol>\n<h4>3. Clause de non-responsabilit\u00e9<\/h4>\n<ol type=\"a\">\n<li>Les documents figurant sur le site Web de Virtual Schools of Excellence sont fournis \"en l'\u00e9tat\". Virtual Schools of Excellence ne donne aucune garantie, expresse ou implicite, et rejette par la pr\u00e9sente toutes les autres garanties, y compris, mais sans s'y limiter, les garanties ou conditions implicites de qualit\u00e9 marchande, d'ad\u00e9quation \u00e0 un usage particulier, ou de non-violation de la propri\u00e9t\u00e9 intellectuelle ou d'autres violations des droits. En outre, Virtual Schools of Excellence ne garantit pas et ne fait aucune d\u00e9claration concernant l'exactitude, les r\u00e9sultats probables ou la fiabilit\u00e9 de l'utilisation du mat\u00e9riel sur son site Internet ou concernant ce mat\u00e9riel ou tout autre site li\u00e9 \u00e0 ce site.<\/li>\n<\/ol>\n<h4>4. Limites<\/h4>\n<p>En aucun cas \u00c9coles virtuelles d'excellence ou ses fournisseurs ne pourront \u00eatre tenus responsables des dommages (y compris, sans s'y limiter, les dommages pour perte de donn\u00e9es ou de b\u00e9n\u00e9fices, ou pour interruption d'activit\u00e9) r\u00e9sultant de l'utilisation ou de l'impossibilit\u00e9 d'utiliser les documents figurant sur le site Internet d'\u00c9coles virtuelles d'excellence, m\u00eame si \u00c9coles virtuelles d'excellence ou un repr\u00e9sentant autoris\u00e9 d'\u00c9coles virtuelles d'excellence a \u00e9t\u00e9 inform\u00e9 oralement ou par \u00e9crit de l'\u00e9ventualit\u00e9 de tels dommages. \u00c9tant donn\u00e9 que certaines juridictions n'autorisent pas les limitations de garanties implicites ou les limitations de responsabilit\u00e9 pour les dommages indirects ou accessoires, ces limitations peuvent ne pas s'appliquer \u00e0 vous.<\/p>\n<h4>5. R\u00e9visions et errata<\/h4>\n<p>Les documents figurant sur le site Web de Virtual Schools of Excellence peuvent contenir des erreurs techniques, typographiques ou photographiques. Virtual Schools of Excellence ne garantit pas que les \u00e9l\u00e9ments figurant sur son site web sont exacts, complets ou \u00e0 jour. L'\u00c9cole virtuelle d'excellence peut apporter des modifications au contenu de son site Web \u00e0 tout moment et sans pr\u00e9avis. Virtual Schools of Excellence ne s'engage toutefois pas \u00e0 mettre \u00e0 jour le mat\u00e9riel.<\/p>\n<h4>6. Liens<\/h4>\n<p>Virtual Schools of Excellence n'a pas v\u00e9rifi\u00e9 tous les sites li\u00e9s \u00e0 son site Internet et n'est pas responsable du contenu de ces sites. L'inclusion d'un lien n'implique pas l'approbation du site par Virtual Schools of Excellence. L'utilisation d'un tel site Internet est aux risques et p\u00e9rils de l'utilisateur.<\/p>\n<h4>7. Modifications des conditions d'utilisation du site<\/h4>\n<p>Virtual Schools of Excellence peut r\u00e9viser les pr\u00e9sentes conditions d'utilisation de son site web \u00e0 tout moment et sans pr\u00e9avis. En utilisant ce site web, vous acceptez d'\u00eatre li\u00e9 par la version la plus r\u00e9cente de ces conditions d'utilisation.<\/p>\n<h4>8. Droit applicable<\/h4>\n<p>Toute r\u00e9clamation relative au site web de Virtual Schools of Excellence est r\u00e9gie par les lois de l'\u00c9tat de Floride, sans tenir compte des dispositions relatives aux conflits de lois.<\/p>\n<p>Conditions g\u00e9n\u00e9rales applicables \u00e0 l'utilisation d'un site web.<\/p>\n<h4>Politique de non-discrimination<\/h4>\n<p>Virtual Schools of Excellence admet les \u00e9tudiants de tout sexe, race, croyance, nationalit\u00e9 ou origine ethnique \u00e0 tous les droits, privil\u00e8ges et programmes g\u00e9n\u00e9ralement accord\u00e9s aux \u00e9tudiants inscrits. Virtual Schools of Excellence ne pratique aucune discrimination fond\u00e9e sur le sexe, la race, les croyances, la nationalit\u00e9 ou l'origine ethnique \u00e0 l'\u00e9gard des \u00e9tudiants, du corps enseignant ou du personnel.<\/p><\/div>\n<\/div>\n<\/div>\n  <\/div>\n<\/div>","protected":false},"excerpt":{"rendered":"","protected":false},"author":14,"featured_media":0,"parent":0,"menu_order":0,"comment_status":"closed","ping_status":"closed","template":"template-blank-4.php","meta":[],"_links":{"self":[{"href":"https:\/\/pay.myhudsonglobal.com\/fr\/wp-json\/wp\/v2\/pages\/326"}],"collection":[{"href":"https:\/\/pay.myhudsonglobal.com\/fr\/wp-json\/wp\/v2\/pages"}],"about":[{"href":"https:\/\/pay.myhudsonglobal.com\/fr\/wp-json\/wp\/v2\/types\/page"}],"author":[{"embeddable":true,"href":"https:\/\/pay.myhudsonglobal.com\/fr\/wp-json\/wp\/v2\/users\/14"}],"replies":[{"embeddable":true,"href":"https:\/\/pay.myhudsonglobal.com\/fr\/wp-json\/wp\/v2\/comments?post=326"}],"version-history":[{"count":0,"href":"https:\/\/pay.myhudsonglobal.com\/fr\/wp-json\/wp\/v2\/pages\/326\/revisions"}],"wp:attachment":[{"href":"https:\/\/pay.myhudsonglobal.com\/fr\/wp-json\/wp\/v2\/media?parent=326"}],"curies":[{"name":"wp","href":"https:\/\/api.w.org\/{rel}","templated":true}]}}