{"id":979,"date":"2020-04-24T18:12:29","date_gmt":"2020-04-24T18:12:29","guid":{"rendered":"https:\/\/hgsenrollprod.wpengine.com\/?post_type=product&#038;p=979"},"modified":"2020-04-24T18:12:53","modified_gmt":"2020-04-24T18:12:53","slug":"social-studies-4-b","status":"publish","type":"product","link":"https:\/\/pay.myhudsonglobal.com\/es\/product\/estudios-sociales-4-b\/","title":{"rendered":"Estudios Sociales 4 B"},"content":{"rendered":"<p><span class=\"TextRun SCXW81208404 BCX0\" lang=\"EN-US\" xml:lang=\"EN-US\" data-contrast=\"auto\"><span class=\"NormalTextRun SCXW81208404 BCX0\">En este curso, los alumnos utilizar\u00e1n sus conocimientos de estudios sociales para explorar estados y comunidades locales. Aprender\u00e1n la topograf\u00eda de su \u00e1rea particular creando un modelo detallado del paisaje despu\u00e9s de investigar sus comunidades. Los alumnos tambi\u00e9n investigar\u00e1n los animales locales. Este curso gu\u00eda a los estudiantes a trav\u00e9s de los pasos de investigaci\u00f3n y redacci\u00f3n de informes. Los estudiantes completar\u00e1n proyectos basados en su geograf\u00eda local, capitolios, maravillas naturales y formas del terreno.  Los estudiantes explorar\u00e1n la historia colonial de EE.UU. y la vida fronteriza de los primeros colonos americanos. Los alumnos examinar\u00e1n las dificultades a las que se enfrentaron los primeros colonos al llegar a Am\u00e9rica. Aplicar\u00e1n conocimientos de pensamiento hist\u00f3rico, cronolog\u00eda, puntos de inflexi\u00f3n, individuos y temas de la historia local y de Estados Unidos para comprender c\u00f3mo la historia ha moldeado el presente y moldear\u00e1 el futuro. Llevar\u00e1n a cabo proyectos de investigaci\u00f3n sobre c\u00f3mo determinados estados pasaron a formar parte de Estados Unidos.<\/span><\/span><\/p>","protected":false},"excerpt":{"rendered":"<p><span class=\"TextRun SCXW81208404 BCX0\" lang=\"EN-US\" xml:lang=\"EN-US\" data-contrast=\"auto\"><span class=\"NormalTextRun SCXW81208404 BCX0\">En este curso, los estudiantes utilizar\u00e1n sus conocimientos de estudios sociales para explorar los estados y comunidades locales.<\/span><\/span><\/p>","protected":false},"featured_media":840,"template":"","meta":[],"_links":{"self":[{"href":"https:\/\/pay.myhudsonglobal.com\/es\/wp-json\/wp\/v2\/product\/979"}],"collection":[{"href":"https:\/\/pay.myhudsonglobal.com\/es\/wp-json\/wp\/v2\/product"}],"about":[{"href":"https:\/\/pay.myhudsonglobal.com\/es\/wp-json\/wp\/v2\/types\/product"}],"wp:featuredmedia":[{"embeddable":true,"href":"https:\/\/pay.myhudsonglobal.com\/es\/wp-json\/wp\/v2\/media\/840"}],"wp:attachment":[{"href":"https:\/\/pay.myhudsonglobal.com\/es\/wp-json\/wp\/v2\/media?parent=979"}],"curies":[{"name":"wp","href":"https:\/\/api.w.org\/{rel}","templated":true}]}}