{"id":947,"date":"2020-04-23T21:46:54","date_gmt":"2020-04-23T21:46:54","guid":{"rendered":"https:\/\/hgsenrollprod.wpengine.com\/?post_type=product&#038;p=947"},"modified":"2020-04-24T22:04:32","modified_gmt":"2020-04-24T22:04:32","slug":"life-science-6-b","status":"publish","type":"product","link":"https:\/\/pay.myhudsonglobal.com\/es\/product\/ciencias-de-la-vida-6-b\/","title":{"rendered":"Ciencias 6 B: Ciencias de la vida"},"content":{"rendered":"<p><span class=\"TextRun SCXW27985838 BCX0\" lang=\"EN-US\" xml:lang=\"EN-US\" data-contrast=\"auto\"><span class=\"NormalTextRun SCXW27985838 BCX0\">Las Ciencias de la Vida son el estudio de las c\u00e9lulas, la herencia, las poblaciones biol\u00f3gicas y sus cambios a lo largo del tiempo. Incluye la biolog\u00eda humana, la ecolog\u00eda, la diversidad de organismos y la historia y naturaleza de la ciencia. En este curso, los alumnos tendr\u00e1n la oportunidad de realizar y dise\u00f1ar experimentos, as\u00ed como de identificar y clasificar organismos. Los alumnos trabajar\u00e1n en el desarrollo de habilidades de registro de datos, clasificaci\u00f3n, medici\u00f3n, observaci\u00f3n, formulaci\u00f3n de hip\u00f3tesis, an\u00e1lisis, evaluaci\u00f3n e inferencia.<\/span><\/span><span class=\"EOP SCXW27985838 BCX0\" data-ccp-props=\"{&quot;201341983&quot;:1,&quot;335551550&quot;:6,&quot;335551620&quot;:6,&quot;335559740&quot;:280}\">\u00a0<\/span><\/p>","protected":false},"excerpt":{"rendered":"<p><span class=\"TextRun SCXW27985838 BCX0\" lang=\"EN-US\" xml:lang=\"EN-US\" data-contrast=\"auto\"><span class=\"NormalTextRun SCXW27985838 BCX0\">Las Ciencias de la Vida son el estudio de las c\u00e9lulas, la herencia, las poblaciones biol\u00f3gicas y sus cambios a lo largo del tiempo.<\/span><\/span><\/p>","protected":false},"featured_media":841,"template":"","meta":[],"_links":{"self":[{"href":"https:\/\/pay.myhudsonglobal.com\/es\/wp-json\/wp\/v2\/product\/947"}],"collection":[{"href":"https:\/\/pay.myhudsonglobal.com\/es\/wp-json\/wp\/v2\/product"}],"about":[{"href":"https:\/\/pay.myhudsonglobal.com\/es\/wp-json\/wp\/v2\/types\/product"}],"wp:featuredmedia":[{"embeddable":true,"href":"https:\/\/pay.myhudsonglobal.com\/es\/wp-json\/wp\/v2\/media\/841"}],"wp:attachment":[{"href":"https:\/\/pay.myhudsonglobal.com\/es\/wp-json\/wp\/v2\/media?parent=947"}],"curies":[{"name":"wp","href":"https:\/\/api.w.org\/{rel}","templated":true}]}}