{"id":931,"date":"2020-04-23T19:52:05","date_gmt":"2020-04-23T19:52:05","guid":{"rendered":"https:\/\/hgsenrollprod.wpengine.com\/?post_type=product&#038;p=931"},"modified":"2020-04-23T19:52:52","modified_gmt":"2020-04-23T19:52:52","slug":"pre-algebra-b-elective","status":"publish","type":"product","link":"https:\/\/pay.myhudsonglobal.com\/es\/product\/pre-algebra-b-optativa\/","title":{"rendered":"Pre-algebra B (Optativa)"},"content":{"rendered":"<p><span data-contrast=\"auto\">En este curso, los alumnos pasar\u00e1n del mundo de las matem\u00e1ticas sencillas al apasionante mundo del \u00c1lgebra y la Geometr\u00eda, desarrollando habilidades que les ser\u00e1n necesarias a lo largo de su vida. Los alumnos ampliar\u00e1n su pensamiento aprendiendo conceptos cada vez m\u00e1s abstractos y resolviendo problemas del mundo real. Los conceptos se presentan utilizando ejemplos de las habilidades y estrategias que necesitan los alumnos. Los alumnos alcanzan una comprensi\u00f3n concreta de los fundamentos del pensamiento algebraico.<\/span><span data-ccp-props=\"{&quot;201341983&quot;:1,&quot;335551550&quot;:6,&quot;335551620&quot;:6,&quot;335559740&quot;:280}\">\u00a0<\/span><\/p>\n<p><b><span data-contrast=\"auto\">Requisito previo<\/span><\/b><b><span data-contrast=\"auto\">:<\/span><\/b><span data-contrast=\"auto\">\u00a0Matem\u00e1ticas 7<\/span><span data-ccp-props=\"{&quot;201341983&quot;:1,&quot;335551550&quot;:6,&quot;335551620&quot;:6,&quot;335559740&quot;:280}\">\u00a0<\/span><\/p>","protected":false},"excerpt":{"rendered":"<p><span data-contrast=\"auto\">Los alumnos ampliar\u00e1n su pensamiento aprendiendo conceptos cada vez m\u00e1s abstractos y resolviendo problemas del mundo real.<\/span><\/p>\n<p><b><span data-contrast=\"auto\">Requisito previo<\/span><\/b><b><span data-contrast=\"auto\">:<\/span><\/b><span data-contrast=\"auto\">\u00a0Matem\u00e1ticas 7, <strong>Optativa<\/strong><\/span><\/p>","protected":false},"featured_media":839,"template":"","meta":[],"_links":{"self":[{"href":"https:\/\/pay.myhudsonglobal.com\/es\/wp-json\/wp\/v2\/product\/931"}],"collection":[{"href":"https:\/\/pay.myhudsonglobal.com\/es\/wp-json\/wp\/v2\/product"}],"about":[{"href":"https:\/\/pay.myhudsonglobal.com\/es\/wp-json\/wp\/v2\/types\/product"}],"wp:featuredmedia":[{"embeddable":true,"href":"https:\/\/pay.myhudsonglobal.com\/es\/wp-json\/wp\/v2\/media\/839"}],"wp:attachment":[{"href":"https:\/\/pay.myhudsonglobal.com\/es\/wp-json\/wp\/v2\/media?parent=931"}],"curies":[{"name":"wp","href":"https:\/\/api.w.org\/{rel}","templated":true}]}}