{"id":927,"date":"2020-04-23T19:15:05","date_gmt":"2020-04-23T19:15:05","guid":{"rendered":"https:\/\/hgsenrollprod.wpengine.com\/?post_type=product&#038;p=927"},"modified":"2020-04-23T19:15:54","modified_gmt":"2020-04-23T19:15:54","slug":"integrated-math-1-b-elective","status":"publish","type":"product","link":"https:\/\/pay.myhudsonglobal.com\/es\/product\/matematicas-integradas-1-b-optativa\/","title":{"rendered":"Matem\u00e1ticas Integradas 1 B (Optativa)"},"content":{"rendered":"<p><span class=\"TextRun SCXW131295530 BCX0\" lang=\"EN-US\" xml:lang=\"EN-US\" data-contrast=\"auto\"><span class=\"NormalTextRun SCXW131295530 BCX0\">En Matem\u00e1ticas Integradas 1, los alumnos utilizan propiedades aritm\u00e9ticas de subconjuntos de n\u00fameros enteros y n\u00fameros racionales, irracionales y reales simplificando expresiones, resolviendo ecuaciones lineales y desigualdades, graficando ecuaciones, encontrando la ecuaci\u00f3n de una recta, trabajando con monomios y polinomios, y factorizando y completando el cuadrado. Los alumnos utilizan las propiedades del sistema num\u00e9rico para juzgar la validez de los resultados, justificando cada paso del procedimiento para demostrar o refutar afirmaciones. Los alumnos calculan el per\u00edmetro, la circunferencia, el \u00e1rea, el volumen y la superficie de figuras geom\u00e9tricas. Los alumnos tambi\u00e9n utilizan funciones trigonom\u00e9tricas b\u00e1sicas definidas por los \u00e1ngulos de un tri\u00e1ngulo rect\u00e1ngulo.<\/span><\/span><span class=\"EOP SCXW131295530 BCX0\" data-ccp-props=\"{&quot;201341983&quot;:1,&quot;335551550&quot;:6,&quot;335551620&quot;:6,&quot;335559740&quot;:280}\">\u00a0<\/span><\/p>","protected":false},"excerpt":{"rendered":"<p><span class=\"TextRun SCXW131295530 BCX0\" lang=\"EN-US\" xml:lang=\"EN-US\" data-contrast=\"auto\"><span class=\"NormalTextRun SCXW131295530 BCX0\"> Los alumnos utilizan las propiedades del sistema num\u00e9rico para juzgar la validez de los resultados, justificando cada paso del procedimiento para demostrar o refutar afirmaciones. Los alumnos calculan el per\u00edmetro, la circunferencia, el \u00e1rea, el volumen y la superficie de figuras geom\u00e9tricas.<\/span><\/span><\/p>\n<p><strong>Optativa<\/strong><\/p>","protected":false},"featured_media":839,"template":"","meta":[],"_links":{"self":[{"href":"https:\/\/pay.myhudsonglobal.com\/es\/wp-json\/wp\/v2\/product\/927"}],"collection":[{"href":"https:\/\/pay.myhudsonglobal.com\/es\/wp-json\/wp\/v2\/product"}],"about":[{"href":"https:\/\/pay.myhudsonglobal.com\/es\/wp-json\/wp\/v2\/types\/product"}],"wp:featuredmedia":[{"embeddable":true,"href":"https:\/\/pay.myhudsonglobal.com\/es\/wp-json\/wp\/v2\/media\/839"}],"wp:attachment":[{"href":"https:\/\/pay.myhudsonglobal.com\/es\/wp-json\/wp\/v2\/media?parent=927"}],"curies":[{"name":"wp","href":"https:\/\/api.w.org\/{rel}","templated":true}]}}