{"id":916,"date":"2020-04-23T18:10:22","date_gmt":"2020-04-23T18:10:22","guid":{"rendered":"https:\/\/hgsenrollprod.wpengine.com\/?post_type=product&#038;p=916"},"modified":"2020-04-23T18:10:59","modified_gmt":"2020-04-23T18:10:59","slug":"french-ii-b","status":"publish","type":"product","link":"https:\/\/pay.myhudsonglobal.com\/es\/product\/french-ii-b\/","title":{"rendered":"Franc\u00e9s II B"},"content":{"rendered":"<p><span data-contrast=\"auto\">Franc\u00e9s II est\u00e1 dise\u00f1ado para centrarse en la comunicaci\u00f3n exitosa a trav\u00e9s del habla, la escritura, la lectura y la escucha, y proporciona una base s\u00f3lida en los aspectos de la cultura. Las actividades combinan diferentes formas de comunicaci\u00f3n y cultura para garantizar que los estudiantes cumplan todos los est\u00e1ndares. Las estrategias del curso incluyen actividades de calentamiento, estudio de vocabulario, lectura, debates en hilos, presentaciones multimedia, autocomprobaciones, actividades pr\u00e1cticas y juegos, tareas orales y escritas, proyectos, pruebas y ex\u00e1menes. Las actividades de aprendizaje de cada unidad se centran en un tema espec\u00edfico.<\/span><span data-ccp-props=\"{&quot;201341983&quot;:1,&quot;335551550&quot;:6,&quot;335551620&quot;:6,&quot;335559740&quot;:280}\">\u00a0<\/span><\/p>\n<p><b><span data-contrast=\"auto\">Requisito previo<\/span><\/b><span data-contrast=\"auto\">: Franc\u00e9s I<\/span><span data-ccp-props=\"{&quot;201341983&quot;:1,&quot;335551550&quot;:6,&quot;335551620&quot;:6,&quot;335559740&quot;:280}\">\u00a0<\/span><\/p>","protected":false},"excerpt":{"rendered":"<p><span data-contrast=\"auto\">Franc\u00e9s II est\u00e1 dise\u00f1ado para centrarse en la comunicaci\u00f3n exitosa a trav\u00e9s de hablar, escribir, leer y escuchar, y proporciona una base s\u00f3lida en los aspectos de la cultura.<\/span><\/p>\n<p><b><span data-contrast=\"auto\">Requisito previo<\/span><\/b><span data-contrast=\"auto\">: Franc\u00e9s I<\/span><span data-ccp-props=\"{&quot;201341983&quot;:1,&quot;335551550&quot;:6,&quot;335551620&quot;:6,&quot;335559740&quot;:280}\">\u00a0<\/span><\/p>","protected":false},"featured_media":846,"template":"","meta":[],"_links":{"self":[{"href":"https:\/\/pay.myhudsonglobal.com\/es\/wp-json\/wp\/v2\/product\/916"}],"collection":[{"href":"https:\/\/pay.myhudsonglobal.com\/es\/wp-json\/wp\/v2\/product"}],"about":[{"href":"https:\/\/pay.myhudsonglobal.com\/es\/wp-json\/wp\/v2\/types\/product"}],"wp:featuredmedia":[{"embeddable":true,"href":"https:\/\/pay.myhudsonglobal.com\/es\/wp-json\/wp\/v2\/media\/846"}],"wp:attachment":[{"href":"https:\/\/pay.myhudsonglobal.com\/es\/wp-json\/wp\/v2\/media?parent=916"}],"curies":[{"name":"wp","href":"https:\/\/api.w.org\/{rel}","templated":true}]}}