{"id":914,"date":"2020-04-23T17:04:19","date_gmt":"2020-04-23T17:04:19","guid":{"rendered":"https:\/\/hgsenrollprod.wpengine.com\/?post_type=product&#038;p=914"},"modified":"2020-04-23T17:05:07","modified_gmt":"2020-04-23T17:05:07","slug":"consumer-math-b","status":"publish","type":"product","link":"https:\/\/pay.myhudsonglobal.com\/es\/product\/matematicas-de-consumo-b\/","title":{"rendered":"Matem\u00e1ticas de consumo B"},"content":{"rendered":"<p><span class=\"TextRun SCXW117042321 BCX0\" lang=\"EN-US\" xml:lang=\"EN-US\" data-contrast=\"auto\"><span class=\"NormalTextRun SCXW117042321 BCX0\">Este curso se centra en las matem\u00e1ticas que intervienen en la toma de decisiones acertadas de consumo. Los estudiantes exploran las muchas formas en que las matem\u00e1ticas afectan a su vida diaria. En el primer semestre se tratan los cheques y los salarios, los impuestos, los seguros, los presupuestos, las cuentas bancarias, las tarjetas de cr\u00e9dito, el c\u00e1lculo de los intereses y la comparaci\u00f3n de precios. Los temas del segundo semestre incluyen la compra de veh\u00edculos y viviendas, la inversi\u00f3n y la gesti\u00f3n de empresas y empleados.<\/span><\/span><span class=\"EOP SCXW117042321 BCX0\" data-ccp-props=\"{&quot;201341983&quot;:1,&quot;335551550&quot;:6,&quot;335551620&quot;:6,&quot;335559740&quot;:280}\">\u00a0<\/span><\/p>","protected":false},"excerpt":{"rendered":"<p><span class=\"TextRun SCXW117042321 BCX0\" lang=\"EN-US\" xml:lang=\"EN-US\" data-contrast=\"auto\"><span class=\"NormalTextRun SCXW117042321 BCX0\">Los alumnos exploran las m\u00faltiples formas en que las matem\u00e1ticas afectan a su vida cotidiana.\u00a0<\/span><\/span><\/p>","protected":false},"featured_media":843,"template":"","meta":[],"_links":{"self":[{"href":"https:\/\/pay.myhudsonglobal.com\/es\/wp-json\/wp\/v2\/product\/914"}],"collection":[{"href":"https:\/\/pay.myhudsonglobal.com\/es\/wp-json\/wp\/v2\/product"}],"about":[{"href":"https:\/\/pay.myhudsonglobal.com\/es\/wp-json\/wp\/v2\/types\/product"}],"wp:featuredmedia":[{"embeddable":true,"href":"https:\/\/pay.myhudsonglobal.com\/es\/wp-json\/wp\/v2\/media\/843"}],"wp:attachment":[{"href":"https:\/\/pay.myhudsonglobal.com\/es\/wp-json\/wp\/v2\/media?parent=914"}],"curies":[{"name":"wp","href":"https:\/\/api.w.org\/{rel}","templated":true}]}}