{"id":764,"date":"2020-04-13T04:42:22","date_gmt":"2020-04-13T04:42:22","guid":{"rendered":"https:\/\/hgsenrollprod.wpengine.com\/?post_type=product&#038;p=764"},"modified":"2020-04-24T18:18:22","modified_gmt":"2020-04-24T18:18:22","slug":"art-3","status":"publish","type":"product","link":"https:\/\/pay.myhudsonglobal.com\/es\/product\/art-3\/","title":{"rendered":"Art 3"},"content":{"rendered":"<p><span class=\"TextRun SCXW75073684 BCX0\" lang=\"EN-US\" xml:lang=\"EN-US\" data-contrast=\"auto\"><span class=\"NormalTextRun SCXW75073684 BCX0\">El arte brinda a los alumnos la oportunidad de desarrollar el uso de sus sentidos. Ofrece a los estudiantes una forma de expresar sentimientos y emociones. Esta asignatura fomenta la autodisciplina y la cooperaci\u00f3n a la vez que ofrece al alumno la oportunidad de expresarse utilizando el pensamiento imaginativo para encontrar soluciones creativas. De nuevo, esto es una necesidad en las experiencias de toda la vida. El alumno ver\u00e1 las expresiones art\u00edsticas y los inventos de culturas de todo el mundo que forman parte de la historia de la humanidad y del desarrollo. Los medios de comunicaci\u00f3n modernos ofrecen muchas oportunidades al alumno. Sin embargo, el alumno tiene la ventaja de experimentarlos m\u00e1s de cerca en las clases de arte. La repetici\u00f3n, importante para los ni\u00f1os peque\u00f1os, es evidente en estas clases. La repetici\u00f3n se proporciona a diferentes niveles de edad mientras se utilizan diversas herramientas y medios. El hogar, la familia y los amigos, las mascotas y los juguetes son el mundo del joven estudiante. El alumno comenzar\u00e1 con su mundo personal tal y como cree conocerlo, y descubrir\u00e1 mucho m\u00e1s sobre \u00e9l. Estas lecciones proporcionan una conciencia m\u00e1s profunda del mundo que les rodea inmediatamente, y finalmente su viaje crecer\u00e1 a partir de ah\u00ed. Cada alumno es un individuo con ideas y talentos \u00fanicos. Nuestro objetivo es proporcionar a cada alumno una oportunidad de crecimiento personal para s\u00ed mismos y para el mundo en el que vivimos.<\/span><\/span><span class=\"EOP SCXW75073684 BCX0\" data-ccp-props=\"{&quot;201341983&quot;:1,&quot;335551550&quot;:6,&quot;335551620&quot;:6,&quot;335559740&quot;:280}\">\u00a0<\/span><\/p>","protected":false},"excerpt":{"rendered":"<p><span class=\"TextRun SCXW75073684 BCX0\" lang=\"EN-US\" xml:lang=\"EN-US\" data-contrast=\"auto\"><span class=\"NormalTextRun SCXW75073684 BCX0\">Este curso fomenta la autodisciplina y la cooperaci\u00f3n a la vez que proporciona al estudiante la oportunidad de expresarse utilizando el pensamiento imaginativo para encontrar soluciones creativas.\u00a0<\/span><\/span><\/p>","protected":false},"featured_media":838,"template":"","meta":[],"_links":{"self":[{"href":"https:\/\/pay.myhudsonglobal.com\/es\/wp-json\/wp\/v2\/product\/764"}],"collection":[{"href":"https:\/\/pay.myhudsonglobal.com\/es\/wp-json\/wp\/v2\/product"}],"about":[{"href":"https:\/\/pay.myhudsonglobal.com\/es\/wp-json\/wp\/v2\/types\/product"}],"wp:featuredmedia":[{"embeddable":true,"href":"https:\/\/pay.myhudsonglobal.com\/es\/wp-json\/wp\/v2\/media\/838"}],"wp:attachment":[{"href":"https:\/\/pay.myhudsonglobal.com\/es\/wp-json\/wp\/v2\/media?parent=764"}],"curies":[{"name":"wp","href":"https:\/\/api.w.org\/{rel}","templated":true}]}}