{"id":757,"date":"2020-04-13T04:35:36","date_gmt":"2020-04-13T04:35:36","guid":{"rendered":"https:\/\/hgsenrollprod.wpengine.com\/?post_type=product&#038;p=757"},"modified":"2020-04-24T18:35:17","modified_gmt":"2020-04-24T18:35:17","slug":"physical-education-grade-2-a","status":"publish","type":"product","link":"https:\/\/pay.myhudsonglobal.com\/es\/product\/physical-education-grade-2-a\/","title":{"rendered":"Educaci\u00f3n F\u00edsica Grado 2 A"},"content":{"rendered":"<p><span class=\"TextRun SCXW22667649 BCX0\" lang=\"EN-US\" xml:lang=\"EN-US\" data-contrast=\"auto\"><span class=\"NormalTextRun SCXW22667649 BCX0\">La Educaci\u00f3n F\u00edsica elemental 2 ayuda a los j\u00f3venes estudiantes a establecer una comprensi\u00f3n b\u00e1sica de la salud y la forma f\u00edsica. Los alumnos se centran en la forma f\u00edsica y aprenden a estar m\u00e1s en forma y sanos. Los temas incluyen calentamiento y enfriamiento, seguridad en el agua, establecimiento de objetivos, nutrici\u00f3n, fuerza muscular y flexibilidad. Los alumnos aprenden habilidades motoras, no locomotoras y manipulativas apropiadas para su edad. Deben participar en actividades f\u00edsicas regulares.<\/span><\/span><span class=\"EOP SCXW22667649 BCX0\" data-ccp-props=\"{&quot;201341983&quot;:1,&quot;335551550&quot;:6,&quot;335551620&quot;:6,&quot;335559740&quot;:280}\">\u00a0<\/span><\/p>","protected":false},"excerpt":{"rendered":"<p><span class=\"TextRun SCXW22667649 BCX0\" lang=\"EN-US\" xml:lang=\"EN-US\" data-contrast=\"auto\"><span class=\"NormalTextRun SCXW22667649 BCX0\">Los estudiantes se centran en la forma f\u00edsica y aprenden a estar m\u00e1s en forma y sanos.<\/span><\/span><\/p>","protected":false},"featured_media":844,"template":"","meta":[],"_links":{"self":[{"href":"https:\/\/pay.myhudsonglobal.com\/es\/wp-json\/wp\/v2\/product\/757"}],"collection":[{"href":"https:\/\/pay.myhudsonglobal.com\/es\/wp-json\/wp\/v2\/product"}],"about":[{"href":"https:\/\/pay.myhudsonglobal.com\/es\/wp-json\/wp\/v2\/types\/product"}],"wp:featuredmedia":[{"embeddable":true,"href":"https:\/\/pay.myhudsonglobal.com\/es\/wp-json\/wp\/v2\/media\/844"}],"wp:attachment":[{"href":"https:\/\/pay.myhudsonglobal.com\/es\/wp-json\/wp\/v2\/media?parent=757"}],"curies":[{"name":"wp","href":"https:\/\/api.w.org\/{rel}","templated":true}]}}