{"id":735,"date":"2020-04-13T04:12:13","date_gmt":"2020-04-13T04:12:13","guid":{"rendered":"https:\/\/hgsenrollprod.wpengine.com\/?post_type=product&#038;p=735"},"modified":"2020-04-23T22:00:58","modified_gmt":"2020-04-23T22:00:58","slug":"language-arts-5-a","status":"publish","type":"product","link":"https:\/\/pay.myhudsonglobal.com\/es\/product\/language-arts-5-a\/","title":{"rendered":"Lengua y Literatura 5 A"},"content":{"rendered":"<p><span class=\"TextRun SCXW138157356 BCX0\" lang=\"EN-US\" xml:lang=\"EN-US\" data-contrast=\"auto\"><span class=\"NormalTextRun SCXW138157356 BCX0\">Esta asignatura integra la lectura, la escritura, la expresi\u00f3n oral, la comprensi\u00f3n auditiva y el estudio del vocabulario y la gram\u00e1tica para ayudar a los alumnos a desarrollar amplias y diversas destrezas de lectura y escritura. Los alumnos estudian la literatura cl\u00e1sica, as\u00ed como formas m\u00e1s contempor\u00e1neas, incluidos los medios de comunicaci\u00f3n y los productos multimedia. Las tareas de redacci\u00f3n se centran en los modos narrativo y persuasivo y hacen hincapi\u00e9 en el uso del razonamiento y los detalles para apoyar las opiniones. Los estudiantes aprenden un proceso de escritura que comienza con la pre-escritura y termina haciendo hincapi\u00e9 en uno o m\u00e1s aspectos de las convenciones del ingl\u00e9s escrito est\u00e1ndar. Adquieren destrezas para leer ficci\u00f3n, poes\u00eda, teatro y textos informativos. Los alumnos aprenden a presentar la informaci\u00f3n oralmente y utilizando multimedia.<\/span><\/span><span class=\"EOP SCXW138157356 BCX0\" data-ccp-props=\"{&quot;201341983&quot;:1,&quot;335551550&quot;:6,&quot;335551620&quot;:6,&quot;335559740&quot;:280}\">\u00a0<\/span><\/p>","protected":false},"excerpt":{"rendered":"<p><span class=\"TextRun SCXW138157356 BCX0\" lang=\"EN-US\" xml:lang=\"EN-US\" data-contrast=\"auto\"><span class=\"NormalTextRun SCXW138157356 BCX0\">Los alumnos estudian tanto la literatura cl\u00e1sica como formas m\u00e1s contempor\u00e1neas, incluidos los medios de comunicaci\u00f3n y los productos multimedia.<\/span><\/span><\/p>","protected":false},"featured_media":848,"template":"","meta":[],"_links":{"self":[{"href":"https:\/\/pay.myhudsonglobal.com\/es\/wp-json\/wp\/v2\/product\/735"}],"collection":[{"href":"https:\/\/pay.myhudsonglobal.com\/es\/wp-json\/wp\/v2\/product"}],"about":[{"href":"https:\/\/pay.myhudsonglobal.com\/es\/wp-json\/wp\/v2\/types\/product"}],"wp:featuredmedia":[{"embeddable":true,"href":"https:\/\/pay.myhudsonglobal.com\/es\/wp-json\/wp\/v2\/media\/848"}],"wp:attachment":[{"href":"https:\/\/pay.myhudsonglobal.com\/es\/wp-json\/wp\/v2\/media?parent=735"}],"curies":[{"name":"wp","href":"https:\/\/api.w.org\/{rel}","templated":true}]}}