{"id":721,"date":"2020-04-13T03:52:32","date_gmt":"2020-04-13T03:52:32","guid":{"rendered":"https:\/\/hgsenrollprod.wpengine.com\/?post_type=product&#038;p=721"},"modified":"2020-04-24T21:22:13","modified_gmt":"2020-04-24T21:22:13","slug":"javascript-game-design-2","status":"publish","type":"product","link":"https:\/\/pay.myhudsonglobal.com\/es\/product\/diseno-de-juegos-javascript-2\/","title":{"rendered":"Dise\u00f1o de juegos en JavaScript"},"content":{"rendered":"<p><span data-contrast=\"auto\">JavaScript es uno de los mejores lenguajes para aprender, \u00a1hace que el navegador cobre vida! \u00a1Este curso ense\u00f1ar\u00e1 a los estudiantes JavaScript a trav\u00e9s de la codificaci\u00f3n de m\u00faltiples juegos de ordenador, incluyendo, pong, pescado, un juego de plataformas y defensa de la torre! \u00a1A continuaci\u00f3n, el c\u00f3digo o personalizar su propio juego! Los estudiantes escribir\u00e1n todo el c\u00f3digo ellos mismos a trav\u00e9s de las lecciones individuales y viendo las revisiones de v\u00eddeo.  Aprender\u00e1n sobre variables, funciones, eventos de escucha, bucles, matrices y objetos. Este curso no asume ninguna experiencia de codificaci\u00f3n e incluye pruebas y ex\u00e1menes autocalificables.  Los estudiantes tambi\u00e9n subir su trabajo a la conclusi\u00f3n de cada proyecto, mientras que la creaci\u00f3n de una cartera en l\u00ednea.<\/span><span data-ccp-props=\"{&quot;201341983&quot;:1,&quot;335551550&quot;:6,&quot;335551620&quot;:6,&quot;335559740&quot;:280}\">\u00a0<\/span><\/p>\n<p><b><span data-contrast=\"auto\">Material necesario<\/span><\/b><b><span data-contrast=\"auto\">:<\/span><\/b><span data-contrast=\"auto\">\u00a0Los estudiantes necesitar\u00e1n un PC Windows o Mac para este curso; Chromebooks y tabletas no son suficientes.<\/span><span data-ccp-props=\"{&quot;201341983&quot;:1,&quot;335551550&quot;:6,&quot;335551620&quot;:6,&quot;335559740&quot;:280}\">\u00a0<\/span><\/p>","protected":false},"excerpt":{"rendered":"<p><span data-contrast=\"auto\">Este curso ense\u00f1ar\u00e1 a los estudiantes JavaScript a trav\u00e9s de la codificaci\u00f3n de m\u00faltiples juegos de ordenador, incluyendo, pong, fish, un juego de plataformas y tower defense. <\/span><\/p>\n<p><b><span data-contrast=\"auto\">Material necesario<\/span><\/b><b><span data-contrast=\"auto\">:<\/span><\/b><span data-contrast=\"auto\">\u00a0Los estudiantes necesitar\u00e1n un PC Windows o Mac para este curso; Chromebooks y tabletas no son suficientes.<\/span><span data-ccp-props=\"{&quot;201341983&quot;:1,&quot;335551550&quot;:6,&quot;335551620&quot;:6,&quot;335559740&quot;:280}\">\u00a0<\/span><\/p>","protected":false},"featured_media":842,"template":"","meta":[],"_links":{"self":[{"href":"https:\/\/pay.myhudsonglobal.com\/es\/wp-json\/wp\/v2\/product\/721"}],"collection":[{"href":"https:\/\/pay.myhudsonglobal.com\/es\/wp-json\/wp\/v2\/product"}],"about":[{"href":"https:\/\/pay.myhudsonglobal.com\/es\/wp-json\/wp\/v2\/types\/product"}],"wp:featuredmedia":[{"embeddable":true,"href":"https:\/\/pay.myhudsonglobal.com\/es\/wp-json\/wp\/v2\/media\/842"}],"wp:attachment":[{"href":"https:\/\/pay.myhudsonglobal.com\/es\/wp-json\/wp\/v2\/media?parent=721"}],"curies":[{"name":"wp","href":"https:\/\/api.w.org\/{rel}","templated":true}]}}