{"id":712,"date":"2020-04-13T03:35:16","date_gmt":"2020-04-13T03:35:16","guid":{"rendered":"https:\/\/hgsenrollprod.wpengine.com\/?post_type=product&#038;p=712"},"modified":"2020-04-23T18:24:52","modified_gmt":"2020-04-23T18:24:52","slug":"german-ii-a-2","status":"publish","type":"product","link":"https:\/\/pay.myhudsonglobal.com\/es\/product\/german-ii-a-2\/","title":{"rendered":"Alem\u00e1n II A"},"content":{"rendered":"<p><span data-contrast=\"auto\">En este curso, los alumnos profundizar\u00e1n en sus conocimientos de gram\u00e1tica y lengua alemanas. Los alumnos repasar\u00e1n los conocimientos gramaticales b\u00e1sicos, aprender\u00e1n y estudiar\u00e1n la conjugaci\u00f3n de verbos con cambio de ra\u00edz y explorar\u00e1n temas culturales relacionados con la actualidad, personajes famosos alemanes, m\u00fasica y festivales. En el segundo semestre, los estudiantes aumentar\u00e1n su competencia mediante la formaci\u00f3n de frases m\u00e1s complejas. Los temas culturales se entrelazan a lo largo de todo el curso.<\/span><span data-ccp-props=\"{&quot;201341983&quot;:1,&quot;335551550&quot;:6,&quot;335551620&quot;:6,&quot;335559740&quot;:280}\">\u00a0<\/span><\/p>\n<p><b><span data-contrast=\"auto\">Prequisite<\/span><\/b><b><span data-contrast=\"auto\">:<\/span><\/b><span data-contrast=\"auto\">\u00a0German I<\/span><span data-ccp-props=\"{&quot;201341983&quot;:1,&quot;335551550&quot;:6,&quot;335551620&quot;:6,&quot;335559740&quot;:280}\">\u00a0<\/span><\/p>","protected":false},"excerpt":{"rendered":"<p><span data-contrast=\"auto\">Los alumnos repasar\u00e1n conocimientos b\u00e1sicos de gram\u00e1tica, aprender\u00e1n y estudiar\u00e1n la conjugaci\u00f3n de verbos que cambian de ra\u00edz y explorar\u00e1n temas culturales relacionados con la actualidad, personajes famosos alemanes, m\u00fasica y festivales. <\/span><\/p>\n<p><b><span data-contrast=\"auto\">Prequisite<\/span><\/b><b><span data-contrast=\"auto\">:<\/span><\/b><span data-contrast=\"auto\">\u00a0German I<\/span><span data-ccp-props=\"{&quot;201341983&quot;:1,&quot;335551550&quot;:6,&quot;335551620&quot;:6,&quot;335559740&quot;:280}\">\u00a0<\/span><\/p>","protected":false},"featured_media":846,"template":"","meta":[],"_links":{"self":[{"href":"https:\/\/pay.myhudsonglobal.com\/es\/wp-json\/wp\/v2\/product\/712"}],"collection":[{"href":"https:\/\/pay.myhudsonglobal.com\/es\/wp-json\/wp\/v2\/product"}],"about":[{"href":"https:\/\/pay.myhudsonglobal.com\/es\/wp-json\/wp\/v2\/types\/product"}],"wp:featuredmedia":[{"embeddable":true,"href":"https:\/\/pay.myhudsonglobal.com\/es\/wp-json\/wp\/v2\/media\/846"}],"wp:attachment":[{"href":"https:\/\/pay.myhudsonglobal.com\/es\/wp-json\/wp\/v2\/media?parent=712"}],"curies":[{"name":"wp","href":"https:\/\/api.w.org\/{rel}","templated":true}]}}