{"id":688,"date":"2020-04-12T07:27:32","date_gmt":"2020-04-12T07:27:32","guid":{"rendered":"https:\/\/hgsenrollprod.wpengine.com\/?post_type=product&#038;p=688"},"modified":"2020-04-23T21:00:33","modified_gmt":"2020-04-23T21:00:33","slug":"arts-careers","status":"publish","type":"product","link":"https:\/\/pay.myhudsonglobal.com\/es\/product\/carreras-artisticas\/","title":{"rendered":"Carreras art\u00edsticas"},"content":{"rendered":"<p><span data-contrast=\"auto\">Por cada bailar\u00edn de Broadway, cada estrella de la televisi\u00f3n y cada cantante de pop, hay innumerables personas entre bastidores que ayudan a hacerlos realidad. Carreras art\u00edsticas introduce a los estudiantes en las habilidades que forman parte de muchas carreras fascinantes en las artes. El estudio de las artes crea pensadores independientes e innovadores y a un artista se le abren muchas puertas con la formaci\u00f3n adecuada.<\/span><span data-ccp-props=\"{&quot;201341983&quot;:1,&quot;335551550&quot;:6,&quot;335551620&quot;:6,&quot;335559740&quot;:280}\">\u00a0<\/span><\/p>\n<p><b><span data-contrast=\"auto\">Material necesario:<\/span><\/b><span data-ccp-props=\"{&quot;201341983&quot;:1,&quot;335551550&quot;:1,&quot;335551620&quot;:1,&quot;335559740&quot;:280}\">\u00a0<\/span><\/p>\n<ul>\n<li data-leveltext=\"\uf0b7\" data-font=\"Symbol\" data-listid=\"14\" aria-setsize=\"-1\" data-aria-posinset=\"1\" data-aria-level=\"1\"><span data-contrast=\"auto\">c\u00e1mara digital (se aceptan tel\u00e9fonos con c\u00e1mara, c\u00e1maras DSLR y otros dispositivos con c\u00e1mara)<\/span><span data-ccp-props=\"{&quot;134233279&quot;:true,&quot;201341983&quot;:1,&quot;335551550&quot;:1,&quot;335551620&quot;:1,&quot;335559740&quot;:280}\">\u00a0<\/span><\/li>\n<li data-leveltext=\"\uf0b7\" data-font=\"Symbol\" data-listid=\"9\" aria-setsize=\"-1\" data-aria-posinset=\"2\" data-aria-level=\"1\"><span data-contrast=\"auto\">c\u00e1mara de v\u00eddeo (se aceptan tel\u00e9fonos con c\u00e1mara, DSLR y otros dispositivos con c\u00e1mara)<\/span><span data-ccp-props=\"{&quot;201341983&quot;:1,&quot;335551550&quot;:6,&quot;335551620&quot;:6,&quot;335559740&quot;:280}\">\u00a0<\/span><\/li>\n<li data-leveltext=\"\uf0b7\" data-font=\"Symbol\" data-listid=\"9\" aria-setsize=\"-1\" data-aria-posinset=\"3\" data-aria-level=\"1\"><span data-contrast=\"auto\">software de v\u00eddeo (se acepta iMovie y otros programas de edici\u00f3n de v\u00eddeo)<\/span><span data-ccp-props=\"{&quot;201341983&quot;:1,&quot;335551550&quot;:6,&quot;335551620&quot;:6,&quot;335559740&quot;:280}\">\u00a0<\/span><\/li>\n<\/ul>","protected":false},"excerpt":{"rendered":"<p><span data-contrast=\"auto\">Carreras art\u00edsticas introduce a los estudiantes a las habilidades que forman parte de muchas carreras fascinantes en las artes.<\/span><\/p>\n<p><b><span data-contrast=\"auto\">Material necesario:<\/span><\/b><span data-ccp-props=\"{&quot;201341983&quot;:1,&quot;335551550&quot;:1,&quot;335551620&quot;:1,&quot;335559740&quot;:280}\">\u00a0<\/span><\/p>\n<ul>\n<li data-leveltext=\"\uf0b7\" data-font=\"Symbol\" data-listid=\"14\" aria-setsize=\"-1\" data-aria-posinset=\"1\" data-aria-level=\"1\"><span data-contrast=\"auto\">c\u00e1mara digital (se aceptan tel\u00e9fonos con c\u00e1mara, c\u00e1maras DSLR y otros dispositivos con c\u00e1mara)<\/span><span data-ccp-props=\"{&quot;134233279&quot;:true,&quot;201341983&quot;:1,&quot;335551550&quot;:1,&quot;335551620&quot;:1,&quot;335559740&quot;:280}\">\u00a0<\/span><\/li>\n<li data-leveltext=\"\uf0b7\" data-font=\"Symbol\" data-listid=\"9\" aria-setsize=\"-1\" data-aria-posinset=\"2\" data-aria-level=\"1\"><span data-contrast=\"auto\">c\u00e1mara de v\u00eddeo (se aceptan tel\u00e9fonos con c\u00e1mara, DSLR y otros dispositivos con c\u00e1mara)<\/span><span data-ccp-props=\"{&quot;201341983&quot;:1,&quot;335551550&quot;:6,&quot;335551620&quot;:6,&quot;335559740&quot;:280}\">\u00a0<\/span><\/li>\n<li data-leveltext=\"\uf0b7\" data-font=\"Symbol\" data-listid=\"9\" aria-setsize=\"-1\" data-aria-posinset=\"3\" data-aria-level=\"1\"><span data-contrast=\"auto\">software de v\u00eddeo (se acepta iMovie y otros programas de edici\u00f3n de v\u00eddeo)<\/span><span data-ccp-props=\"{&quot;201341983&quot;:1,&quot;335551550&quot;:6,&quot;335551620&quot;:6,&quot;335559740&quot;:280}\">\u00a0<\/span><\/li>\n<\/ul>","protected":false},"featured_media":838,"template":"","meta":[],"_links":{"self":[{"href":"https:\/\/pay.myhudsonglobal.com\/es\/wp-json\/wp\/v2\/product\/688"}],"collection":[{"href":"https:\/\/pay.myhudsonglobal.com\/es\/wp-json\/wp\/v2\/product"}],"about":[{"href":"https:\/\/pay.myhudsonglobal.com\/es\/wp-json\/wp\/v2\/types\/product"}],"wp:featuredmedia":[{"embeddable":true,"href":"https:\/\/pay.myhudsonglobal.com\/es\/wp-json\/wp\/v2\/media\/838"}],"wp:attachment":[{"href":"https:\/\/pay.myhudsonglobal.com\/es\/wp-json\/wp\/v2\/media?parent=688"}],"curies":[{"name":"wp","href":"https:\/\/api.w.org\/{rel}","templated":true}]}}