{"id":616,"date":"2020-04-12T04:02:40","date_gmt":"2020-04-12T04:02:40","guid":{"rendered":"https:\/\/hgsenrollprod.wpengine.com\/?post_type=product&#038;p=616"},"modified":"2020-04-23T21:02:40","modified_gmt":"2020-04-23T21:02:40","slug":"introduction-to-business","status":"publish","type":"product","link":"https:\/\/pay.myhudsonglobal.com\/es\/product\/introduccion-a-la-empresa\/","title":{"rendered":"Introducci\u00f3n a la empresa"},"content":{"rendered":"<p><span class=\"TextRun SCXW56564017 BCX0\" lang=\"EN-US\" xml:lang=\"EN-US\" data-contrast=\"auto\"><span class=\"NormalTextRun SCXW56564017 BCX0\">Este curso introduce a los estudiantes a los conceptos b\u00e1sicos de negocios que les ayudar\u00e1n a entender c\u00f3mo un negocio sobrevive en la econom\u00eda actual y el papel que los consumidores juegan en la misma econom\u00eda. Los estudiantes aprender\u00e1n c\u00f3mo equilibrar un talonario de cheques, ahorrar para el futuro, y utilizar el cr\u00e9dito sabiamente. Los estudiantes tambi\u00e9n aprender\u00e1n c\u00f3mo crear un curr\u00edculum y c\u00f3mo participar en una entrevista de trabajo.<\/span><\/span><span class=\"EOP SCXW56564017 BCX0\" data-ccp-props=\"{&quot;201341983&quot;:1,&quot;335551550&quot;:6,&quot;335551620&quot;:6,&quot;335559740&quot;:280}\">\u00a0<\/span><\/p>","protected":false},"excerpt":{"rendered":"<p><span class=\"TextRun SCXW56564017 BCX0\" lang=\"EN-US\" xml:lang=\"EN-US\" data-contrast=\"auto\"><span class=\"NormalTextRun SCXW56564017 BCX0\">Los alumnos aprender\u00e1n a cuadrar la chequera, a ahorrar para el futuro y a utilizar el cr\u00e9dito con prudencia.<\/span><\/span><\/p>","protected":false},"featured_media":843,"template":"","meta":[],"_links":{"self":[{"href":"https:\/\/pay.myhudsonglobal.com\/es\/wp-json\/wp\/v2\/product\/616"}],"collection":[{"href":"https:\/\/pay.myhudsonglobal.com\/es\/wp-json\/wp\/v2\/product"}],"about":[{"href":"https:\/\/pay.myhudsonglobal.com\/es\/wp-json\/wp\/v2\/types\/product"}],"wp:featuredmedia":[{"embeddable":true,"href":"https:\/\/pay.myhudsonglobal.com\/es\/wp-json\/wp\/v2\/media\/843"}],"wp:attachment":[{"href":"https:\/\/pay.myhudsonglobal.com\/es\/wp-json\/wp\/v2\/media?parent=616"}],"curies":[{"name":"wp","href":"https:\/\/api.w.org\/{rel}","templated":true}]}}