{"id":611,"date":"2020-04-11T21:57:49","date_gmt":"2020-04-11T21:57:49","guid":{"rendered":"https:\/\/hgsenrollprod.wpengine.com\/?post_type=product&#038;p=611"},"modified":"2020-04-23T21:01:27","modified_gmt":"2020-04-23T21:01:27","slug":"accounting","status":"publish","type":"product","link":"https:\/\/pay.myhudsonglobal.com\/es\/product\/contabilidad\/","title":{"rendered":"Contabilidad"},"content":{"rendered":"<p><span class=\"TextRun SCXW36022968 BCX0\" lang=\"EN-US\" xml:lang=\"EN-US\" data-contrast=\"auto\"><span class=\"NormalTextRun SCXW36022968 BCX0\">En este curso semestral, los estudiantes explorar\u00e1n la contabilidad, incluyendo la investigaci\u00f3n de carreras de contabilidad. Los estudiantes aprender\u00e1n las habilidades b\u00e1sicas de contabilidad y procedimientos, tanto con y sin ordenador, para los diarios generales, libros mayores, diarios de pagos en efectivo, diarios de cobros en efectivo, diarios de ventas, libros de cuentas por pagar y libros de cuentas por cobrar. Los estudiantes tambi\u00e9n aprender\u00e1n a conciliar un extracto bancario y a preparar registros de n\u00f3minas. Este curso cubre los principios b\u00e1sicos de la contabilidad financiera para particulares y para empresas, prestando atenci\u00f3n tanto a las f\u00f3rmulas matem\u00e1ticas como al aspecto \u00e9tico de la contabilidad. Cada unidad cuenta con ejercicios pr\u00e1cticos, incluido un proyecto al final.<\/span><\/span><span class=\"EOP SCXW36022968 BCX0\" data-ccp-props=\"{&quot;201341983&quot;:1,&quot;335551550&quot;:6,&quot;335551620&quot;:6,&quot;335559740&quot;:280}\">\u00a0<\/span><\/p>","protected":false},"excerpt":{"rendered":"<p><span class=\"TextRun SCXW36022968 BCX0\" lang=\"EN-US\" xml:lang=\"EN-US\" data-contrast=\"auto\"><span class=\"NormalTextRun SCXW36022968 BCX0\">Los estudiantes aprender\u00e1n habilidades y procedimientos b\u00e1sicos de contabilidad tanto con ordenador como sin \u00e9l para los diarios generales, los libros mayores, los diarios de pagos en efectivo, los diarios de cobros en efectivo, los diarios de ventas, los libros mayores de cuentas a pagar y los libros mayores de cuentas a cobrar.<\/span><\/span><\/p>","protected":false},"featured_media":843,"template":"","meta":[],"_links":{"self":[{"href":"https:\/\/pay.myhudsonglobal.com\/es\/wp-json\/wp\/v2\/product\/611"}],"collection":[{"href":"https:\/\/pay.myhudsonglobal.com\/es\/wp-json\/wp\/v2\/product"}],"about":[{"href":"https:\/\/pay.myhudsonglobal.com\/es\/wp-json\/wp\/v2\/types\/product"}],"wp:featuredmedia":[{"embeddable":true,"href":"https:\/\/pay.myhudsonglobal.com\/es\/wp-json\/wp\/v2\/media\/843"}],"wp:attachment":[{"href":"https:\/\/pay.myhudsonglobal.com\/es\/wp-json\/wp\/v2\/media?parent=611"}],"curies":[{"name":"wp","href":"https:\/\/api.w.org\/{rel}","templated":true}]}}