{"id":578,"date":"2020-04-10T23:42:35","date_gmt":"2020-04-10T23:42:35","guid":{"rendered":"https:\/\/hgsenrollprod.wpengine.com\/?post_type=product&#038;p=578"},"modified":"2020-04-23T20:34:07","modified_gmt":"2020-04-23T20:34:07","slug":"honors-geometry-b","status":"publish","type":"product","link":"https:\/\/pay.myhudsonglobal.com\/es\/product\/geometria-b\/","title":{"rendered":"Honores Geometr\u00eda B"},"content":{"rendered":"<p>Semestre B - se construye sobre la base de los primeros trimestres en Geometr\u00eda.  Al igual que en los cursos anteriores, se enfatiza el razonamiento deductivo e inductivo, a la vez que se aplican t\u00e9cnicas de resoluci\u00f3n de problemas a problemas del mundo real. Los alumnos exploran los cuadril\u00e1teros y los c\u00edrculos, y aprenden c\u00f3mo se transforma un objeto, as\u00ed como a representar esa transformaci\u00f3n algebraica y geom\u00e9tricamente. Los alumnos calculan el \u00e1rea y el volumen de objetos bidimensionales y tridimensionales. Geometr\u00eda B consta de seis m\u00f3dulos. Cada m\u00f3dulo comprende diez lecciones para un total de 60 lecciones en el curso. Se espera que los estudiantes de honores completen varias tareas dentro de cada m\u00f3dulo que demuestren su conocimiento de las aplicaciones de la geometr\u00eda.<\/p>","protected":false},"excerpt":{"rendered":"<p>Los alumnos exploran los cuadril\u00e1teros y los c\u00edrculos, y aprenden c\u00f3mo se transforma un objeto, as\u00ed como a representar esa transformaci\u00f3n algebraica y geom\u00e9tricamente.<\/p>","protected":false},"featured_media":839,"template":"","meta":[],"_links":{"self":[{"href":"https:\/\/pay.myhudsonglobal.com\/es\/wp-json\/wp\/v2\/product\/578"}],"collection":[{"href":"https:\/\/pay.myhudsonglobal.com\/es\/wp-json\/wp\/v2\/product"}],"about":[{"href":"https:\/\/pay.myhudsonglobal.com\/es\/wp-json\/wp\/v2\/types\/product"}],"wp:featuredmedia":[{"embeddable":true,"href":"https:\/\/pay.myhudsonglobal.com\/es\/wp-json\/wp\/v2\/media\/839"}],"wp:attachment":[{"href":"https:\/\/pay.myhudsonglobal.com\/es\/wp-json\/wp\/v2\/media?parent=578"}],"curies":[{"name":"wp","href":"https:\/\/api.w.org\/{rel}","templated":true}]}}