{"id":577,"date":"2020-04-10T23:37:32","date_gmt":"2020-04-10T23:37:32","guid":{"rendered":"https:\/\/hgsenrollprod.wpengine.com\/?post_type=product&#038;p=577"},"modified":"2020-04-23T20:33:56","modified_gmt":"2020-04-23T20:33:56","slug":"honors-geometry-a","status":"publish","type":"product","link":"https:\/\/pay.myhudsonglobal.com\/es\/product\/honores-geometria-a\/","title":{"rendered":"Geometr\u00eda A"},"content":{"rendered":"<p>Semestre A - es el estudio de la medida del mundo, con un enfoque en la aplicaci\u00f3n de conceptos geom\u00e9tricos. Lo que hace que la Geometr\u00eda sea tan atractiva es la relaci\u00f3n de las figuras y las medidas entre s\u00ed, y c\u00f3mo estas relaciones pueden predecir resultados en el mundo que nos rodea. A trav\u00e9s de aplicaciones del mundo real, el estudiante de honores ve c\u00f3mo el razonamiento geom\u00e9trico proporciona una visi\u00f3n de la vida cotidiana. El curso comienza con las herramientas necesarias en Geometr\u00eda. A partir de estas bases, el estudiante explora la medida de segmentos de l\u00ednea, \u00e1ngulos y figuras bidimensionales. Los alumnos aprender\u00e1n sobre la semejanza, los tri\u00e1ngulos y las razones trigonom\u00e9tricas. Geometr\u00eda A consta de seis m\u00f3dulos. Cada m\u00f3dulo consta de diez lecciones para un total de 60 lecciones en el curso. Se espera que los estudiantes de honores completen varias tareas dentro de cada m\u00f3dulo que demuestren su conocimiento de las aplicaciones de la geometr\u00eda.<\/p>","protected":false},"excerpt":{"rendered":"<p>Los alumnos aprender\u00e1n sobre la semejanza, los tri\u00e1ngulos y las razones trigonom\u00e9tricas.<\/p>","protected":false},"featured_media":839,"template":"","meta":[],"_links":{"self":[{"href":"https:\/\/pay.myhudsonglobal.com\/es\/wp-json\/wp\/v2\/product\/577"}],"collection":[{"href":"https:\/\/pay.myhudsonglobal.com\/es\/wp-json\/wp\/v2\/product"}],"about":[{"href":"https:\/\/pay.myhudsonglobal.com\/es\/wp-json\/wp\/v2\/types\/product"}],"wp:featuredmedia":[{"embeddable":true,"href":"https:\/\/pay.myhudsonglobal.com\/es\/wp-json\/wp\/v2\/media\/839"}],"wp:attachment":[{"href":"https:\/\/pay.myhudsonglobal.com\/es\/wp-json\/wp\/v2\/media?parent=577"}],"curies":[{"name":"wp","href":"https:\/\/api.w.org\/{rel}","templated":true}]}}