{"id":570,"date":"2020-04-10T23:14:45","date_gmt":"2020-04-10T23:14:45","guid":{"rendered":"https:\/\/hgsenrollprod.wpengine.com\/?post_type=product&#038;p=570"},"modified":"2020-05-08T20:41:17","modified_gmt":"2020-05-08T20:41:17","slug":"honors-language-arts-11-b","status":"publish","type":"product","link":"https:\/\/pay.myhudsonglobal.com\/es\/product\/honores-lengua-y-literatura-11-b\/","title":{"rendered":"Lengua y Literatura 11 B"},"content":{"rendered":"<p><span class=\"TextRun SCXW83749743 BCX0\" lang=\"EN-US\" xml:lang=\"EN-US\" data-contrast=\"auto\"><span class=\"NormalTextRun SCXW83749743 BCX0\" data-wac-het=\"1\">Semestre B<\/span><\/span><span class=\"TextRun SCXW83749743 BCX0\" lang=\"EN-US\" xml:lang=\"EN-US\" data-contrast=\"auto\"><span class=\"NormalTextRun SCXW83749743 BCX0\" data-wac-het=\"1\"> - El semestre B de Honors English 11 consta de unidades centradas en \u00e9pocas hist\u00f3ricas y movimientos literarios de los siglos XX y XXI, como el Naturalismo, el Imagismo, el Renacimiento de Harlem y el Postmodernismo. Las lecciones de an\u00e1lisis literario del semestre B se centran en las formas de literatura que se escribieron con m\u00e1s frecuencia durante el siglo XX y en c\u00f3mo las formas, estilos y t\u00e9cnicas de ese siglo informan a la literatura escrita en la actualidad. Los estudiantes tambi\u00e9n evaluar\u00e1n diversos modos y formas de expresi\u00f3n ling\u00fc\u00edstica, incluidos los medios de comunicaci\u00f3n individuales y los mensajes multimedia. Las clases de redacci\u00f3n y de textos informativos gu\u00edan a los alumnos a trav\u00e9s de las etapas de un riguroso proceso de investigaci\u00f3n y demuestran c\u00f3mo evaluar, integrar y compartir la informaci\u00f3n recopilada durante la investigaci\u00f3n. Los estudiantes deben compartir sus ideas y an\u00e1lisis utilizando varios modos diferentes, incluyendo presentaciones orales y multimedia. Al igual que en el Semestre A, el segundo semestre de Ingl\u00e9s 11 de Honores proporciona tareas desafiantes adicionales destinadas a preparar a los estudiantes que van a la universidad para el trabajo avanzado en el estudio de la literatura y las artes del lenguaje.<\/span><\/span><\/p>\n<p><span style=\"text-decoration: underline;\"><b>Requerido\u00a0<\/b><b>Materiales<\/b>\u00a0<\/span><\/p>\n<p><span data-contrast=\"auto\">Novela obligatoria:<\/span><span data-ccp-props=\"{&quot;134233279&quot;:true,&quot;201341983&quot;:1,&quot;335551550&quot;:6,&quot;335551620&quot;:6,&quot;335559740&quot;:280}\">\u00a0<\/span><\/p>\n<ul>\n<li data-leveltext=\"o\" data-font=\"Courier New\" data-listid=\"21\" aria-setsize=\"-1\" data-aria-posinset=\"2\" data-aria-level=\"2\"><i><span data-contrast=\"auto\">El Gran Gatsby<\/span><\/i><span data-contrast=\"auto\">\u00a0<\/span><span data-contrast=\"auto\">por<\/span><span data-contrast=\"auto\">\u00a0<\/span><span data-contrast=\"none\">F. Scott Fitzgerald<\/span><span data-contrast=\"auto\">: ISBN-10: 9780743273565; ISBN-13: 978-0743273565<\/span><span data-ccp-props=\"{&quot;134233279&quot;:true,&quot;201341983&quot;:1,&quot;335551550&quot;:1,&quot;335551620&quot;:1,&quot;335559740&quot;:280}\">\u00a0<\/span><\/li>\n<\/ul>\n<p><span data-contrast=\"auto\">Novelas opcionales:<\/span><span data-ccp-props=\"{&quot;134233279&quot;:true,&quot;201341983&quot;:1,&quot;335551550&quot;:1,&quot;335551620&quot;:1,&quot;335559740&quot;:280}\">\u00a0<\/span><\/p>\n<ul>\n<li data-leveltext=\"o\" data-font=\"Courier New\" data-listid=\"21\" aria-setsize=\"-1\" data-aria-posinset=\"1\" data-aria-level=\"2\"><i><span data-contrast=\"auto\">Muerte de un vendedor<\/span><\/i><span data-contrast=\"auto\">\u00a0<\/span><span data-contrast=\"auto\">por<\/span><span data-contrast=\"auto\">\u00a0Authur Miller: ISBN-10: 9780140481341; ISBN-13: 978-0140481341<\/span><span data-ccp-props=\"{&quot;134233279&quot;:true,&quot;201341983&quot;:1,&quot;335551550&quot;:1,&quot;335551620&quot;:1,&quot;335559740&quot;:280}\">\u00a0<\/span><\/li>\n<li data-leveltext=\"o\" data-font=\"Courier New\" data-listid=\"21\" aria-setsize=\"-1\" data-aria-posinset=\"2\" data-aria-level=\"2\"><i><span data-contrast=\"auto\">Adi\u00f3s a las armas<\/span><\/i><span data-contrast=\"auto\">\u00a0<\/span><span data-contrast=\"auto\">por<\/span><span data-contrast=\"auto\">\u00a0<\/span><span data-contrast=\"auto\">Ernest Hemingway: ISBN-10: 1476764522; ISBN-13: 978-1476764528<\/span><span data-ccp-props=\"{&quot;134233279&quot;:true,&quot;201341983&quot;:1,&quot;335551550&quot;:1,&quot;335551620&quot;:1,&quot;335559740&quot;:280}\">\u00a0<\/span><\/li>\n<li data-leveltext=\"o\" data-font=\"Courier New\" data-listid=\"21\" aria-setsize=\"-1\" data-aria-posinset=\"3\" data-aria-level=\"2\"><i><span data-contrast=\"auto\">Mi Antonia<\/span><\/i><span data-contrast=\"auto\">\u00a0<\/span><span data-contrast=\"auto\">de Willa Cather<\/span><span data-contrast=\"auto\">\u00a0-<\/span><a href=\"https:\/\/www.gutenberg.org\/ebooks\/242\"><span data-contrast=\"none\">\u00a0Proyecto Gutenberg<\/span><\/a><span data-ccp-props=\"{&quot;134233279&quot;:true,&quot;201341983&quot;:1,&quot;335551550&quot;:1,&quot;335551620&quot;:1,&quot;335559740&quot;:280}\">\u00a0<\/span><\/li>\n<li data-leveltext=\"o\" data-font=\"Courier New\" data-listid=\"21\" aria-setsize=\"-1\" data-aria-posinset=\"4\" data-aria-level=\"2\"><i><span data-contrast=\"auto\">Una lecci\u00f3n antes de morir<\/span><\/i><span data-contrast=\"auto\">\u00a0<\/span><span data-contrast=\"auto\">por<\/span><span data-contrast=\"auto\">\u00a0Ernest Gaines: ISBN-10: 9780375702709; ISBN-13: 978-0375702709<\/span><span data-ccp-props=\"{&quot;134233279&quot;:true,&quot;201341983&quot;:1,&quot;335551550&quot;:1,&quot;335551620&quot;:1,&quot;335559740&quot;:280}\">\u00a0<\/span><\/li>\n<li data-leveltext=\"o\" data-font=\"Courier New\" data-listid=\"21\" aria-setsize=\"-1\" data-aria-posinset=\"4\" data-aria-level=\"2\"><i><span data-contrast=\"auto\">Chico negro<\/span><\/i><span data-contrast=\"auto\">\u00a0<\/span><span data-contrast=\"auto\">por<\/span><span data-contrast=\"auto\">\u00a0Richard Wright: ISBN-10: 0061130249; ISBN-13: 978-0061130243<\/span><span data-ccp-props=\"{&quot;134233279&quot;:true,&quot;201341983&quot;:1,&quot;335551550&quot;:1,&quot;335551620&quot;:1,&quot;335559740&quot;:280}\">\u00a0<\/span><\/li>\n<li data-leveltext=\"o\" data-font=\"Courier New\" data-listid=\"21\" aria-setsize=\"-1\" data-aria-posinset=\"4\" data-aria-level=\"2\"><i><span data-contrast=\"auto\">Las aventuras de Huckleberry Finn<\/span><\/i><span data-contrast=\"auto\">\u00a0de Mark Twain -<\/span><a href=\"https:\/\/www.gutenberg.org\/ebooks\/76\"><span data-contrast=\"none\">\u00a0Proyecto Gutenberg<\/span><\/a><span data-contrast=\"auto\">\u00a0<\/span><span data-ccp-props=\"{&quot;134233279&quot;:true,&quot;201341983&quot;:1,&quot;335551550&quot;:1,&quot;335551620&quot;:1,&quot;335559740&quot;:280}\">\u00a0<\/span><\/li>\n<\/ul>\n<p><span data-ccp-props=\"{&quot;201341983&quot;:1,&quot;335551550&quot;:6,&quot;335551620&quot;:6,&quot;335559740&quot;:280}\">\u00a0<\/span><\/p>","protected":false},"excerpt":{"rendered":"<p><span class=\"TextRun SCXW83749743 BCX0\" lang=\"EN-US\" xml:lang=\"EN-US\" data-contrast=\"auto\"><span class=\"NormalTextRun SCXW83749743 BCX0\" data-wac-het=\"1\">El semestre B de Ingl\u00e9s 11 consta de unidades centradas en \u00e9pocas hist\u00f3ricas y movimientos literarios de los siglos XX y XXI, como el Naturalismo, el Imagismo, el Renacimiento de Harlem y el Postmodernismo. <\/span><\/span><\/p>","protected":false},"featured_media":848,"template":"","meta":[],"_links":{"self":[{"href":"https:\/\/pay.myhudsonglobal.com\/es\/wp-json\/wp\/v2\/product\/570"}],"collection":[{"href":"https:\/\/pay.myhudsonglobal.com\/es\/wp-json\/wp\/v2\/product"}],"about":[{"href":"https:\/\/pay.myhudsonglobal.com\/es\/wp-json\/wp\/v2\/types\/product"}],"wp:featuredmedia":[{"embeddable":true,"href":"https:\/\/pay.myhudsonglobal.com\/es\/wp-json\/wp\/v2\/media\/848"}],"wp:attachment":[{"href":"https:\/\/pay.myhudsonglobal.com\/es\/wp-json\/wp\/v2\/media?parent=570"}],"curies":[{"name":"wp","href":"https:\/\/api.w.org\/{rel}","templated":true}]}}