{"id":562,"date":"2020-04-10T23:01:52","date_gmt":"2020-04-10T23:01:52","guid":{"rendered":"https:\/\/hgsenrollprod.wpengine.com\/?post_type=product&#038;p=562"},"modified":"2020-05-08T21:13:14","modified_gmt":"2020-05-08T21:13:14","slug":"language-arts-12-a","status":"publish","type":"product","link":"https:\/\/pay.myhudsonglobal.com\/es\/product\/language-arts-12-a\/","title":{"rendered":"Lengua y Literatura 12 A"},"content":{"rendered":"<p><span class=\"TextRun SCXW99205830 BCX0\" lang=\"EN-US\" xml:lang=\"EN-US\" data-contrast=\"auto\"><span class=\"NormalTextRun SCXW99205830 BCX0\" data-wac-het=\"1\">Semestre A<\/span><\/span><span class=\"TextRun SCXW99205830 BCX0\" lang=\"EN-US\" xml:lang=\"EN-US\" data-contrast=\"auto\"><span class=\"NormalTextRun SCXW99205830 BCX0\" data-wac-het=\"1\">\u00a0&#8211;\u00a0<\/span><\/span><span class=\"TextRun SCXW99205830 BCX0\" lang=\"EN-US\" xml:lang=\"EN-US\" data-contrast=\"auto\"><span class=\"NormalTextRun SCXW99205830 BCX0\" data-wac-het=\"1\">Students examine major works of literature organized into thematic units. Each unit contains poetry, short stories, and a novel that revolve around the theme for the unit. Themes include the self, relationships, alienation, choice, and death. As students read these works, they have the opportunity to reflect on these important themes by writing in multiple modes and creating cross-disciplinary projects.<\/span><\/span><span class=\"EOP SCXW99205830 BCX0\" data-ccp-props=\"{&quot;201341983&quot;:1,&quot;335551550&quot;:6,&quot;335551620&quot;:6,&quot;335559740&quot;:280}\" data-wac-het=\"1\">\u00a0<\/span><\/p>\n<p><span style=\"text-decoration: underline;\"><b>Requerido\u00a0<\/b><b>Materiales<\/b><\/span><\/p>\n<p><span data-contrast=\"auto\">En este curso, deber\u00e1 leer dos novelas de la lista \"Usted elige\", adem\u00e1s de las obras que figuran a continuaci\u00f3n como lecturas obligatorias. Despu\u00e9s de seleccionar las novelas que leer\u00e1, descargue las gu\u00edas de las novelas correspondientes utilizando los enlaces que aparecen a continuaci\u00f3n.<\/span><span data-ccp-props=\"{&quot;201341983&quot;:1,&quot;335551550&quot;:6,&quot;335551620&quot;:6,&quot;335559740&quot;:280}\">\u00a0<\/span><\/p>\n<ul>\n<li data-leveltext=\"\uf0b7\" data-font=\"Symbol\" data-listid=\"22\" aria-setsize=\"-1\" data-aria-posinset=\"1\" data-aria-level=\"1\"><i><span data-contrast=\"auto\">Jane Eyre<\/span><\/i><span data-contrast=\"auto\"> por Charlotte Bronte<\/span><span data-contrast=\"auto\">\u00a0<\/span><span data-contrast=\"auto\">-<\/span><a href=\"https:\/\/www.gutenberg.org\/ebooks\/1260\"><span data-contrast=\"none\">\u00a0Proyecto Gutenberg<\/span><\/a><span data-ccp-props=\"{&quot;134233279&quot;:true,&quot;201341983&quot;:1,&quot;335551550&quot;:6,&quot;335551620&quot;:6,&quot;335559740&quot;:280}\">\u00a0<\/span><\/li>\n<\/ul>\n<p><span data-contrast=\"auto\">Escoge t\u00fa las novelas:<\/span><span data-ccp-props=\"{&quot;201341983&quot;:1,&quot;335551550&quot;:6,&quot;335551620&quot;:6,&quot;335559740&quot;:280}\">\u00a0<\/span><\/p>\n<ul>\n<li data-leveltext=\"\uf0b7\" data-font=\"Symbol\" data-listid=\"23\" aria-setsize=\"-1\" data-aria-posinset=\"1\" data-aria-level=\"1\"><i><span data-contrast=\"auto\">1984<\/span><\/i><span data-contrast=\"auto\">\u00a0por George Orwell<\/span><span data-contrast=\"auto\">: ISBN-10: 9780451524935; ISBN-13: 978-0451524935<\/span><span data-ccp-props=\"{&quot;134233279&quot;:true,&quot;201341983&quot;:1,&quot;335551550&quot;:6,&quot;335551620&quot;:6,&quot;335559740&quot;:280}\">\u00a0<\/span><\/li>\n<li data-leveltext=\"\uf0b7\" data-font=\"Symbol\" data-listid=\"23\" aria-setsize=\"-1\" data-aria-posinset=\"2\" data-aria-level=\"1\"><i><span data-contrast=\"auto\">Cumbres Borrascosas<\/span><\/i><span data-contrast=\"auto\">\u00a0por Emily Bronte<\/span><span data-contrast=\"auto\">: ISBN-10: 0141439556; ISBN-13: 978-0141439556<\/span><span data-ccp-props=\"{&quot;134233279&quot;:true,&quot;201341983&quot;:1,&quot;335551550&quot;:6,&quot;335551620&quot;:6,&quot;335559740&quot;:280}\">\u00a0<\/span><\/li>\n<li data-leveltext=\"\uf0b7\" data-font=\"Symbol\" data-listid=\"23\" aria-setsize=\"-1\" data-aria-posinset=\"3\" data-aria-level=\"1\"><i><span data-contrast=\"auto\">Un mundo feliz<\/span><\/i><span data-contrast=\"auto\">\u00a0por Aldous Huxley<\/span><span data-contrast=\"auto\">: ISBN-10: 0060850523; ISBN-13: 978-0060850524<\/span><span data-ccp-props=\"{&quot;134233279&quot;:true,&quot;201341983&quot;:1,&quot;335551550&quot;:6,&quot;335551620&quot;:6,&quot;335559740&quot;:280}\">\u00a0<\/span><\/li>\n<li data-leveltext=\"\uf0b7\" data-font=\"Symbol\" data-listid=\"23\" aria-setsize=\"-1\" data-aria-posinset=\"4\" data-aria-level=\"1\"><i><span data-contrast=\"auto\">Otelo<\/span><\/i><span data-contrast=\"auto\">\u00a0por\u00a0<\/span><span data-contrast=\"auto\">Julius Lester: ISBN-10: 9780590419673; ISBN-13: 978-0590419673<\/span><span data-contrast=\"auto\">\u00a0-<\/span><a href=\"https:\/\/www.gutenberg.org\/ebooks\/98\"><span data-contrast=\"none\">\u00a0Proyecto Gutenberg<\/span><\/a><span data-ccp-props=\"{&quot;134233279&quot;:true,&quot;201341983&quot;:1,&quot;335551550&quot;:6,&quot;335551620&quot;:6,&quot;335559740&quot;:280}\">\u00a0<\/span><span data-contrast=\"auto\">\u00a0<\/span><\/li>\n<li data-leveltext=\"\uf0b7\" data-font=\"Symbol\" data-listid=\"23\" aria-setsize=\"-1\" data-aria-posinset=\"5\" data-aria-level=\"1\"><i><span data-contrast=\"auto\">Cien a\u00f1os de soledad<\/span><\/i><span data-contrast=\"auto\">\u00a0de Gabriel Garc\u00eda M\u00e1rquez<\/span><span data-contrast=\"auto\">:\u00a0<\/span><span data-contrast=\"auto\">ISBN-10: 9780060883287<\/span><span data-contrast=\"auto\">;\u00a0<\/span><span data-contrast=\"auto\">ISBN-13: 978-0060883287<\/span><span data-ccp-props=\"{&quot;134233279&quot;:true,&quot;201341983&quot;:1,&quot;335551550&quot;:6,&quot;335551620&quot;:6,&quot;335559740&quot;:280}\">\u00a0<\/span><\/li>\n<li data-leveltext=\"\uf0b7\" data-font=\"Symbol\" data-listid=\"23\" aria-setsize=\"-1\" data-aria-posinset=\"5\" data-aria-level=\"1\"><i><span data-contrast=\"auto\">Historia de dos ciudades<\/span><\/i><span data-contrast=\"auto\">\u00a0por Charles Dickens<\/span><span data-contrast=\"auto\">\u00a0-<\/span><a href=\"https:\/\/www.gutenberg.org\/ebooks\/98\"><span data-contrast=\"none\">\u00a0Proyecto Gutenberg<\/span><\/a><span data-ccp-props=\"{&quot;134233279&quot;:true,&quot;201341983&quot;:1,&quot;335551550&quot;:6,&quot;335551620&quot;:6,&quot;335559740&quot;:280}\">\u00a0<\/span><\/li>\n<li data-leveltext=\"\uf0b7\" data-font=\"Symbol\" data-listid=\"23\" aria-setsize=\"-1\" data-aria-posinset=\"5\" data-aria-level=\"1\"><i><span data-contrast=\"auto\">Cry, the Beloved Country<\/span><\/i><span data-contrast=\"auto\">\u00a0por Alan Paton<\/span><span data-contrast=\"auto\">: ISBN-10: 0743262174; ISBN-13: 978-0743262170<\/span><span data-ccp-props=\"{&quot;134233279&quot;:true,&quot;201341983&quot;:1,&quot;335551550&quot;:6,&quot;335551620&quot;:6,&quot;335559740&quot;:280}\">\u00a0<\/span><\/li>\n<li data-leveltext=\"\uf0b7\" data-font=\"Symbol\" data-listid=\"23\" aria-setsize=\"-1\" data-aria-posinset=\"5\" data-aria-level=\"1\"><i><span data-contrast=\"auto\">Frankenstein\u00a0<\/span><\/i><span data-contrast=\"auto\">por Mary Shelley<\/span><span data-contrast=\"auto\">\u00a0-<\/span><a href=\"https:\/\/www.gutenberg.org\/ebooks\/84\"><span data-contrast=\"none\">\u00a0Proyecto Gutenberg<\/span><\/a><span data-ccp-props=\"{&quot;134233279&quot;:true,&quot;201341983&quot;:1,&quot;335551550&quot;:6,&quot;335551620&quot;:6,&quot;335559740&quot;:280}\">\u00a0<\/span><\/li>\n<\/ul>","protected":false},"excerpt":{"rendered":"<p><span class=\"TextRun SCXW99205830 BCX0\" lang=\"EN-US\" xml:lang=\"EN-US\" data-contrast=\"auto\"><span class=\"NormalTextRun SCXW99205830 BCX0\" data-wac-het=\"1\">Students examine major works of literature organized into thematic units containing poetry, short stories, and a novel that revolve around the theme for the unit.<\/span><\/span><\/p>","protected":false},"featured_media":848,"template":"","meta":[],"_links":{"self":[{"href":"https:\/\/pay.myhudsonglobal.com\/es\/wp-json\/wp\/v2\/product\/562"}],"collection":[{"href":"https:\/\/pay.myhudsonglobal.com\/es\/wp-json\/wp\/v2\/product"}],"about":[{"href":"https:\/\/pay.myhudsonglobal.com\/es\/wp-json\/wp\/v2\/types\/product"}],"wp:featuredmedia":[{"embeddable":true,"href":"https:\/\/pay.myhudsonglobal.com\/es\/wp-json\/wp\/v2\/media\/848"}],"wp:attachment":[{"href":"https:\/\/pay.myhudsonglobal.com\/es\/wp-json\/wp\/v2\/media?parent=562"}],"curies":[{"name":"wp","href":"https:\/\/api.w.org\/{rel}","templated":true}]}}