{"id":561,"date":"2020-04-10T23:00:24","date_gmt":"2020-04-10T23:00:24","guid":{"rendered":"https:\/\/hgsenrollprod.wpengine.com\/?post_type=product&#038;p=561"},"modified":"2020-04-23T20:32:53","modified_gmt":"2020-04-23T20:32:53","slug":"honors-algebra-i-a","status":"publish","type":"product","link":"https:\/\/pay.myhudsonglobal.com\/es\/product\/honors-algebra-i-a\/","title":{"rendered":"\u00c1lgebra I A"},"content":{"rendered":"<p>Semester A \u2013 introduces students to the world of Algebra through expressions and equations. Students will evaluate algebraic expressions, solve linear equations and graph them. This course also steers students through various real-world scenarios with the emphasis on using basic statistics to interpret the information given and found.<\/p>\n<p>Los alumnos aprenden a trav\u00e9s de material did\u00e1ctico en l\u00ednea, v\u00eddeos y actividades interactivas. Al final de cada unidad se eval\u00faa la comprensi\u00f3n de los alumnos mediante un cuestionario de autocomprobaci\u00f3n con comentarios. Tambi\u00e9n se incluye un examen de la unidad y un proyecto para que los estudiantes apliquen lo que han aprendido.<\/p>\n<p>A lo largo de todo el semestre, el profesor proporcionar\u00e1 sus comentarios.<\/p>","protected":false},"excerpt":{"rendered":"<p>Los alumnos evaluar\u00e1n expresiones algebraicas, resolver\u00e1n ecuaciones lineales y las representar\u00e1n gr\u00e1ficamente.<\/p>","protected":false},"featured_media":839,"template":"","meta":[],"_links":{"self":[{"href":"https:\/\/pay.myhudsonglobal.com\/es\/wp-json\/wp\/v2\/product\/561"}],"collection":[{"href":"https:\/\/pay.myhudsonglobal.com\/es\/wp-json\/wp\/v2\/product"}],"about":[{"href":"https:\/\/pay.myhudsonglobal.com\/es\/wp-json\/wp\/v2\/types\/product"}],"wp:featuredmedia":[{"embeddable":true,"href":"https:\/\/pay.myhudsonglobal.com\/es\/wp-json\/wp\/v2\/media\/839"}],"wp:attachment":[{"href":"https:\/\/pay.myhudsonglobal.com\/es\/wp-json\/wp\/v2\/media?parent=561"}],"curies":[{"name":"wp","href":"https:\/\/api.w.org\/{rel}","templated":true}]}}