{"id":387,"date":"2020-03-10T18:38:36","date_gmt":"2020-03-10T18:38:36","guid":{"rendered":"https:\/\/actworldhs.wpengine.com\/?page_id=387"},"modified":"2020-03-18T11:12:36","modified_gmt":"2020-03-18T11:12:36","slug":"act-passport-3","status":"publish","type":"page","link":"https:\/\/pay.myhudsonglobal.com\/es\/acta-pasaporte-3\/","title":{"rendered":"ACT Passport"},"content":{"rendered":"<div id=\"cs-content\" class=\"cs-content\" >\n<div class=\"e387-1 x-section hero x-hide- x-hide-xs\" >\n    \n<div class=\"x-bg\" aria-hidden=\"true\" data-x-element=\"bg\" >\n  <div class=\"x-bg-layer-lower-image\" style=\" background-image: url(https:\/\/actworldhs.wpengine.com\/wp-content\/uploads\/2020\/03\/act-passport-1.jpg); background-repeat: no-repeat; background-position: center; background-size: cover;\" ><\/div>  <div class=\"x-bg-layer-upper-color\" style=\" background-color: rgba(0, 0, 0, 0.1);\" ><\/div><\/div>\n  \n<div class=\"e387-2 x-container max width\" >\n    \n<div class=\"e387-3 x-column x-sm x-1-1\" >\n    \n<div class=\"e387-4 x-text\" >\n  <h1><span style=\"color: #ffffff;\">Mantener a los estudiantes en la senda del \u00e9xito acad\u00e9mico<\/span><\/h1><\/div>\n<\/div>\n<\/div>\n  <\/div>\n\n<div class=\"e387-5 x-section hero x-hide- x-hide-lg x-hide-md x-hide-xl\" >\n    \n<div class=\"x-bg\" aria-hidden=\"true\" data-x-element=\"bg\" >\n  <div class=\"x-bg-layer-lower-image\" style=\" background-image: url(https:\/\/hgsenrollprod.wpengine.com\/wp-content\/uploads\/2020\/03\/act-passport-1.jpg); background-repeat: no-repeat; background-position: center; background-size: cover;\" ><\/div>  <div class=\"x-bg-layer-upper-color\" style=\" background-color: rgba(0, 0, 0, 0.3);\" ><\/div><\/div>\n  \n<div class=\"e387-6 x-container max width\" >\n    \n<div class=\"e387-7 x-column x-sm x-1-1\" >\n    \n<div class=\"e387-8 x-text\" >\n  <h1><span style=\"color: #ffffff;\">Mantener a los estudiantes en la senda del \u00e9xito acad\u00e9mico<\/span><\/h1><\/div>\n<\/div>\n<\/div>\n  <\/div>\n\n<div class=\"e387-9 x-section\" >\n      \n<div class=\"e387-10 x-container max width\" >\n    \n<div class=\"e387-11 x-column x-sm x-1-1\" >\n    \n<div class=\"e387-12 x-text x-text-headline\" >\n  <div class=\"x-text-content\"><div class=\"x-text-content-text\"><h2 class=\"x-text-content-text-primary\"><strong>El Pasaporte ACT ofrece a los estudiantes internacionales la seguridad de que pueden comenzar su educaci\u00f3n en EE.UU. a tiempo y mantenerse en el buen camino.<\/strong><\/h2><\/div><\/div><\/div>\n\n<div class=\"e387-13 x-text\" >\n  <p style=\"line-height: 42px;\"><span data-preserver-spaces=\"true\">El Pasaporte ACT es una soluci\u00f3n innovadora que apoya a los estudiantes internacionales afectados por el COVID-19. Hay dos maneras en que esta iniciativa ayuda a los estudiantes a mantenerse en el buen camino. El&nbsp;<\/span><strong><span data-preserver-spaces=\"true\">Programa ACT World High School<\/span><\/strong><span data-preserver-spaces=\"true\">&nbsp;ofrece a los estudiantes de \u00faltimo curso de secundaria la posibilidad de completar su \u00faltimo a\u00f1o en l\u00ednea y recibir un diploma de la U.S. High School, y a trav\u00e9s del&nbsp;<\/span><strong><span data-preserver-spaces=\"true\">Iniciativa ACT Confident Start<\/span><\/strong><span data-preserver-spaces=\"true\">Los estudiantes que hayan terminado el bachillerato pueden comenzar sus estudios universitarios en Estados Unidos a tiempo, en cualquier parte del mundo, y seguir el ritmo de obtenci\u00f3n de cr\u00e9ditos acad\u00e9micos de primer curso.<\/span><\/p><\/div>\n<\/div>\n<\/div>\n  <\/div>\n\n<div class=\"e387-14 x-section\" >\n      \n<div class=\"e387-15 x-container max width\" >\n    \n<div class=\"e387-16 x-column x-sm x-1-2\" >\n    \n<div class=\"e387-17 x-text\" >\n  <p><span style=\"color: #ffffff;\">ACT World High School<\/span><\/p><\/div>\n\n<div class=\"e387-18 x-text text\" >\n  <p>El programa ACT World High School U.S. diploma est\u00e1 dise\u00f1ado para proporcionar a los estudiantes internacionales los conocimientos necesarios para obtener un diploma de escuela secundaria de EE.UU. y permanecer en el camino para asistir a un colegio \/ universidad de EE.UU.. Los estudiantes deben completar seis cursos en l\u00ednea en Matem\u00e1ticas, Ingl\u00e9s, Ciencias, Estudios Sociales, y dos cursos electivos.<\/p><\/div>\n\n<a class=\"e387-19 x-anchor x-anchor-button\" tabindex=\"0\" href=\"https:\/\/actworldhs.com\" target=\"_blank\" >\n\n  \n  <span class=\"x-anchor-content\">\n        <span class=\"x-anchor-text\"><span class=\"x-anchor-text-primary\" >M\u00e1s informaci\u00f3n<\/span><\/span>          <\/span>\n\n  \n<\/a>\n<\/div>\n\n<div class=\"e387-20 x-column x-sm x-1-2\" >\n    \n<span class=\"e387-21 x-image\" >\n  <img alt=\"Image\" src=\"https:\/\/actworldhs.wpengine.com\/wp-content\/uploads\/2020\/03\/act-world-high-school-act-passport.png\" width=\"640\" height=\"427\" >\n<\/span>\n<\/div>\n<\/div>\n  <\/div>\n\n<div class=\"e387-22 x-section\" >\n      \n<div class=\"e387-23 x-container max width\" >\n    \n<div class=\"e387-24 x-column x-sm x-1-2\" >\n    \n<span class=\"e387-25 x-image\" >\n  <img alt=\"Image\" src=\"https:\/\/actworldhs.wpengine.com\/wp-content\/uploads\/2020\/03\/act-confident-start-act-passport.png\" width=\"640\" height=\"427\" >\n<\/span>\n<\/div>\n\n<div class=\"e387-26 x-column x-sm x-1-2\" >\n    \n<div class=\"e387-27 x-text\" >\n  <p>ACT Confident Start<\/span><\/p><\/div>\n\n<div class=\"e387-28 x-text\" >\n  <p>Los estudiantes que re\u00fanan los requisitos tendr\u00e1n la oportunidad de comenzar su educaci\u00f3n sin problemas a trav\u00e9s de American Collegiate Live. Su trabajo de curso cuenta para su licenciatura donde continuar\u00e1n sus estudios a tiempo y seguir\u00e1n por el buen camino. Al participar en la iniciativa Confident Start, los colegios universitarios y las universidades permiten a sus estudiantes no salirse del horario previsto y realizar la transici\u00f3n sin problemas a su campus cuando puedan reanudar el viaje.<\/p><\/div>\n\n<a class=\"e387-29 x-anchor x-anchor-button\" tabindex=\"0\" href=\"https:\/\/corporate.shorelight.com\/confidentstart\/?utm_source=vendor&amp;utm_medium=link&amp;utm_campaign=us_ac-live_contact-us_link_act&amp;utm_content=vendor_acquisition_univ-partner-ug_en_us&amp;h_region=us\" target=\"_blank\" >\n\n  \n  <span class=\"x-anchor-content\">\n        <span class=\"x-anchor-text\"><span class=\"x-anchor-text-primary\" >M\u00e1s informaci\u00f3n<\/span><\/span>          <\/span>\n\n  \n<\/a>\n<\/div>\n<\/div>\n  <\/div>\n<\/div>","protected":false},"excerpt":{"rendered":"","protected":false},"author":14,"featured_media":0,"parent":0,"menu_order":0,"comment_status":"closed","ping_status":"closed","template":"template-blank-4.php","meta":[],"_links":{"self":[{"href":"https:\/\/pay.myhudsonglobal.com\/es\/wp-json\/wp\/v2\/pages\/387"}],"collection":[{"href":"https:\/\/pay.myhudsonglobal.com\/es\/wp-json\/wp\/v2\/pages"}],"about":[{"href":"https:\/\/pay.myhudsonglobal.com\/es\/wp-json\/wp\/v2\/types\/page"}],"author":[{"embeddable":true,"href":"https:\/\/pay.myhudsonglobal.com\/es\/wp-json\/wp\/v2\/users\/14"}],"replies":[{"embeddable":true,"href":"https:\/\/pay.myhudsonglobal.com\/es\/wp-json\/wp\/v2\/comments?post=387"}],"version-history":[{"count":0,"href":"https:\/\/pay.myhudsonglobal.com\/es\/wp-json\/wp\/v2\/pages\/387\/revisions"}],"wp:attachment":[{"href":"https:\/\/pay.myhudsonglobal.com\/es\/wp-json\/wp\/v2\/media?parent=387"}],"curies":[{"name":"wp","href":"https:\/\/api.w.org\/{rel}","templated":true}]}}