{"id":931,"date":"2020-04-23T19:52:05","date_gmt":"2020-04-23T19:52:05","guid":{"rendered":"https:\/\/hgsenrollprod.wpengine.com\/?post_type=product&#038;p=931"},"modified":"2020-04-23T19:52:52","modified_gmt":"2020-04-23T19:52:52","slug":"pre-algebra-b-elective","status":"publish","type":"product","link":"https:\/\/pay.myhudsonglobal.com\/de\/product\/wahlfach-voralgebra-b\/","title":{"rendered":"Voralgebra B (Wahlfach)"},"content":{"rendered":"<p><span data-contrast=\"auto\">In diesem Kurs bewegen sich die Sch\u00fcler von der Welt der einfachen Mathematik in die aufregende Welt der Algebra und Geometrie und entwickeln F\u00e4higkeiten, die sie ihr Leben lang brauchen werden. Die Sch\u00fcler werden ihr Denken erweitern, indem sie zunehmend abstrakte Konzepte lernen und reale Probleme l\u00f6sen. Die Konzepte werden anhand von Beispielen f\u00fcr die F\u00e4higkeiten und Strategien vorgestellt, die die Sch\u00fcler ben\u00f6tigen. Die Sch\u00fcler erlangen ein konkretes Verst\u00e4ndnis der Grundlagen f\u00fcr algebraisches Denken.<\/span><span data-ccp-props=\"{&quot;201341983&quot;:1,&quot;335551550&quot;:6,&quot;335551620&quot;:6,&quot;335559740&quot;:280}\">\u00a0<\/span><\/p>\n<p><b><span data-contrast=\"auto\">Voraussetzung<\/span><\/b><b><span data-contrast=\"auto\">:<\/span><\/b><span data-contrast=\"auto\">\u00a0Mathematik 7<\/span><span data-ccp-props=\"{&quot;201341983&quot;:1,&quot;335551550&quot;:6,&quot;335551620&quot;:6,&quot;335559740&quot;:280}\">\u00a0<\/span><\/p>","protected":false},"excerpt":{"rendered":"<p><span data-contrast=\"auto\">Die Sch\u00fcler werden ihr Denken erweitern, indem sie zunehmend abstrakte Konzepte lernen und reale Probleme l\u00f6sen.<\/span><\/p>\n<p><b><span data-contrast=\"auto\">Voraussetzung<\/span><\/b><b><span data-contrast=\"auto\">:<\/span><\/b><span data-contrast=\"auto\">\u00a0Mathe 7, <strong>Wahlpflichtfach<\/strong><\/span><\/p>","protected":false},"featured_media":839,"template":"","meta":[],"_links":{"self":[{"href":"https:\/\/pay.myhudsonglobal.com\/de\/wp-json\/wp\/v2\/product\/931"}],"collection":[{"href":"https:\/\/pay.myhudsonglobal.com\/de\/wp-json\/wp\/v2\/product"}],"about":[{"href":"https:\/\/pay.myhudsonglobal.com\/de\/wp-json\/wp\/v2\/types\/product"}],"wp:featuredmedia":[{"embeddable":true,"href":"https:\/\/pay.myhudsonglobal.com\/de\/wp-json\/wp\/v2\/media\/839"}],"wp:attachment":[{"href":"https:\/\/pay.myhudsonglobal.com\/de\/wp-json\/wp\/v2\/media?parent=931"}],"curies":[{"name":"wp","href":"https:\/\/api.w.org\/{rel}","templated":true}]}}