{"id":762,"date":"2020-04-13T04:40:29","date_gmt":"2020-04-13T04:40:29","guid":{"rendered":"https:\/\/hgsenrollprod.wpengine.com\/?post_type=product&#038;p=762"},"modified":"2020-04-24T18:17:52","modified_gmt":"2020-04-24T18:17:52","slug":"art-1","status":"publish","type":"product","link":"https:\/\/pay.myhudsonglobal.com\/de\/product\/art-1\/","title":{"rendered":"Art 1"},"content":{"rendered":"<p><span class=\"TextRun SCXW75073684 BCX0\" lang=\"EN-US\" xml:lang=\"EN-US\" data-contrast=\"auto\"><span class=\"NormalTextRun SCXW75073684 BCX0\">Kunst bietet den Sch\u00fclern die M\u00f6glichkeit, ihre Sinne zu entwickeln. Sie bietet den Sch\u00fclern eine M\u00f6glichkeit, Gef\u00fchle und Emotionen auszudr\u00fccken. Dieser Kurs f\u00f6rdert die Selbstdisziplin und die Zusammenarbeit und gibt den Sch\u00fclern die M\u00f6glichkeit, sich selbst auszudr\u00fccken, indem sie ihr Vorstellungsverm\u00f6gen f\u00fcr kreative L\u00f6sungen einsetzen. Auch dies ist eine Notwendigkeit f\u00fcr die Lebenserfahrung. Die Sch\u00fcler lernen k\u00fcnstlerische Ausdrucksformen und Erfindungen von Kulturen aus der ganzen Welt kennen, die Teil der Geschichte der Menschheit und ihrer Entwicklung sind. Die modernen Medien bieten dem Sch\u00fcler viele M\u00f6glichkeiten. Der Sch\u00fcler hat jedoch den Vorteil, dass er sie im Kunstunterricht n\u00e4her kennen lernen kann. Wiederholungen, die f\u00fcr kleine Kinder wichtig sind, sind in diesem Unterricht offensichtlich. Die Wiederholung wird auf verschiedenen Altersstufen und mit verschiedenen Werkzeugen und Medien angeboten. Das Zuhause, die Familie und Freunde, Haustiere und Spielzeug sind die Welt der jungen Sch\u00fcler. Die Sch\u00fcler beginnen mit ihrer pers\u00f6nlichen Welt, wie sie sie zu kennen glauben, und entdecken dann so viel mehr dar\u00fcber. Diese Lektionen vermitteln ein tieferes Bewusstsein f\u00fcr die Welt, die sie unmittelbar umgibt, und von dort aus wird sich ihre Reise schlie\u00dflich weiterentwickeln. Jeder Sch\u00fcler ist ein Individuum mit einzigartigen Ideen und Talenten. Unser Ziel ist es, jedem Sch\u00fcler die M\u00f6glichkeit zu geben, sich selbst und die Welt, in der wir leben, zu verbessern.<\/span><\/span><span class=\"EOP SCXW75073684 BCX0\" data-ccp-props=\"{&quot;201341983&quot;:1,&quot;335551550&quot;:6,&quot;335551620&quot;:6,&quot;335559740&quot;:280}\">\u00a0<\/span><\/p>","protected":false},"excerpt":{"rendered":"<p><span class=\"TextRun SCXW75073684 BCX0\" lang=\"EN-US\" xml:lang=\"EN-US\" data-contrast=\"auto\"><span class=\"NormalTextRun SCXW75073684 BCX0\">Dieser Kurs f\u00f6rdert die Selbstdisziplin und die Zusammenarbeit und bietet den Sch\u00fclern die M\u00f6glichkeit, sich selbst auszudr\u00fccken, indem sie ihre Fantasie f\u00fcr kreative L\u00f6sungen einsetzen.<\/span><\/span><\/p>","protected":false},"featured_media":838,"template":"","meta":[],"_links":{"self":[{"href":"https:\/\/pay.myhudsonglobal.com\/de\/wp-json\/wp\/v2\/product\/762"}],"collection":[{"href":"https:\/\/pay.myhudsonglobal.com\/de\/wp-json\/wp\/v2\/product"}],"about":[{"href":"https:\/\/pay.myhudsonglobal.com\/de\/wp-json\/wp\/v2\/types\/product"}],"wp:featuredmedia":[{"embeddable":true,"href":"https:\/\/pay.myhudsonglobal.com\/de\/wp-json\/wp\/v2\/media\/838"}],"wp:attachment":[{"href":"https:\/\/pay.myhudsonglobal.com\/de\/wp-json\/wp\/v2\/media?parent=762"}],"curies":[{"name":"wp","href":"https:\/\/api.w.org\/{rel}","templated":true}]}}