{"id":760,"date":"2020-04-13T04:38:23","date_gmt":"2020-04-13T04:38:23","guid":{"rendered":"https:\/\/hgsenrollprod.wpengine.com\/?post_type=product&#038;p=760"},"modified":"2020-04-24T20:40:52","modified_gmt":"2020-04-24T20:40:52","slug":"keyboarding-2","status":"publish","type":"product","link":"https:\/\/pay.myhudsonglobal.com\/de\/product\/tastaturschreiben-2\/","title":{"rendered":"Tastaturschreiben (Klassen 3, 4, 5)"},"content":{"rendered":"<p><span class=\"TextRun SCXW199567895 BCX0\" lang=\"EN-US\" xml:lang=\"EN-US\" data-contrast=\"auto\"><span class=\"NormalTextRun SCXW199567895 BCX0\">Dieser Keyboard-Kurs ist f\u00fcr Sch\u00fcler der Grund- und Mittelstufe geeignet. Der Lehrplan f\u00fchrt neue Tasten nach Reihen ein, wobei die Sch\u00fcler zuerst die mittlere Reihe, dann die obere Reihe und dann die untere Reihe der Tastatur lernen. Der Inhalt konzentriert sich auf Sicht- und H\u00e4ufigkeitsw\u00f6rter. Dieser Kurs setzt keine Erfahrung mit der Tastatur voraus und f\u00fchrt die Sch\u00fcler \u00fcber die Tastatur.\u00a0<\/span><\/span><span class=\"EOP SCXW199567895 BCX0\" data-ccp-props=\"{&quot;201341983&quot;:1,&quot;335551550&quot;:6,&quot;335551620&quot;:6,&quot;335559740&quot;:280}\">\u00a0<\/span><\/p>","protected":false},"excerpt":{"rendered":"<p><span class=\"TextRun SCXW199567895 BCX0\" lang=\"EN-US\" xml:lang=\"EN-US\" data-contrast=\"auto\"><span class=\"NormalTextRun SCXW199567895 BCX0\">Der Lehrplan f\u00fchrt neue Tasten nach Reihen ein, wobei die Sch\u00fcler zun\u00e4chst die mittlere Reihe, dann die obere Reihe und schlie\u00dflich die untere Reihe der Tastatur lernen.<\/span><\/span><\/p>","protected":false},"featured_media":842,"template":"","meta":[],"_links":{"self":[{"href":"https:\/\/pay.myhudsonglobal.com\/de\/wp-json\/wp\/v2\/product\/760"}],"collection":[{"href":"https:\/\/pay.myhudsonglobal.com\/de\/wp-json\/wp\/v2\/product"}],"about":[{"href":"https:\/\/pay.myhudsonglobal.com\/de\/wp-json\/wp\/v2\/types\/product"}],"wp:featuredmedia":[{"embeddable":true,"href":"https:\/\/pay.myhudsonglobal.com\/de\/wp-json\/wp\/v2\/media\/842"}],"wp:attachment":[{"href":"https:\/\/pay.myhudsonglobal.com\/de\/wp-json\/wp\/v2\/media?parent=760"}],"curies":[{"name":"wp","href":"https:\/\/api.w.org\/{rel}","templated":true}]}}