{"id":737,"date":"2020-04-13T04:15:04","date_gmt":"2020-04-13T04:15:04","guid":{"rendered":"https:\/\/hgsenrollprod.wpengine.com\/?post_type=product&#038;p=737"},"modified":"2020-04-23T22:05:28","modified_gmt":"2020-04-23T22:05:28","slug":"math-1-a","status":"publish","type":"product","link":"https:\/\/pay.myhudsonglobal.com\/de\/product\/math-1-a\/","title":{"rendered":"Mathematik 1 A"},"content":{"rendered":"<p><span class=\"TextRun SCXW264591765 BCX0\" lang=\"EN-US\" xml:lang=\"EN-US\" data-contrast=\"auto\"><span class=\"NormalTextRun SCXW264591765 BCX0\">In diesem Kurs lernen die Sch\u00fcler, die grundlegenden mathematischen Fakten zu beherrschen. Sie lernen, bis 100 zu z\u00e4hlen, grundlegende Additionen und Subtraktionen vorzunehmen und zweistellige Zahlen zu addieren. Die Sch\u00fcler werden mit Wortproblemen, Venn-Diagrammen und grundlegenden geometrischen Konzepten vertraut gemacht. Der Kurs legt den Schwerpunkt auf praktische Fertigkeiten wie das Ablesen von Thermometern, das Betrachten von Landkarten und das Verst\u00e4ndnis f\u00fcr den Wert von M\u00fcnzen. Im weiteren Verlauf beginnen die Sch\u00fcler mit dem Z\u00e4hlen in Zweier-, F\u00fcnfer- und Zehnerschritten. Sie lernen sowohl die vertikale Addition als auch die Subtraktion. In den Lektionen werden Multiplikation und Division eingef\u00fchrt. Die Sch\u00fcler lernen gerade und ungerade Zahlen kennen und setzen ihre Erkundung geometrischer Formen durch Zeichnen und Sortieren fort.<\/span><\/span><\/p>","protected":false},"excerpt":{"rendered":"<p><span class=\"TextRun SCXW264591765 BCX0\" lang=\"EN-US\" xml:lang=\"EN-US\" data-contrast=\"auto\"><span class=\"NormalTextRun SCXW264591765 BCX0\">Die Sch\u00fcler lernen, bis 100 zu z\u00e4hlen, die Grundlagen der Addition und Subtraktion zu verstehen und zweistellige Zahlen zu addieren.<\/span><\/span><\/p>","protected":false},"featured_media":839,"template":"","meta":[],"_links":{"self":[{"href":"https:\/\/pay.myhudsonglobal.com\/de\/wp-json\/wp\/v2\/product\/737"}],"collection":[{"href":"https:\/\/pay.myhudsonglobal.com\/de\/wp-json\/wp\/v2\/product"}],"about":[{"href":"https:\/\/pay.myhudsonglobal.com\/de\/wp-json\/wp\/v2\/types\/product"}],"wp:featuredmedia":[{"embeddable":true,"href":"https:\/\/pay.myhudsonglobal.com\/de\/wp-json\/wp\/v2\/media\/839"}],"wp:attachment":[{"href":"https:\/\/pay.myhudsonglobal.com\/de\/wp-json\/wp\/v2\/media?parent=737"}],"curies":[{"name":"wp","href":"https:\/\/api.w.org\/{rel}","templated":true}]}}