{"id":712,"date":"2020-04-13T03:35:16","date_gmt":"2020-04-13T03:35:16","guid":{"rendered":"https:\/\/hgsenrollprod.wpengine.com\/?post_type=product&#038;p=712"},"modified":"2020-04-23T18:24:52","modified_gmt":"2020-04-23T18:24:52","slug":"german-ii-a-2","status":"publish","type":"product","link":"https:\/\/pay.myhudsonglobal.com\/de\/product\/german-ii-a-2\/","title":{"rendered":"Deutsch II A"},"content":{"rendered":"<p><span data-contrast=\"auto\">In diesem Kurs vertiefen die Teilnehmer ihre deutschen Grammatik- und Sprachkenntnisse. Sie wiederholen grundlegende Grammatikkenntnisse, lernen und studieren die Konjugation von Verben, die den Wortstamm wechseln, und erkunden kulturelle Themen wie aktuelle Ereignisse, ber\u00fchmte deutsche Pers\u00f6nlichkeiten, Musik und Feste. Im zweiten Semester werden die Studierenden ihre Kenntnisse durch das Bilden komplexerer S\u00e4tze erweitern. Kulturelle Themen ziehen sich wie ein roter Faden durch den Kurs.<\/span><span data-ccp-props=\"{&quot;201341983&quot;:1,&quot;335551550&quot;:6,&quot;335551620&quot;:6,&quot;335559740&quot;:280}\">\u00a0<\/span><\/p>\n<p><b><span data-contrast=\"auto\">Prequisite<\/span><\/b><b><span data-contrast=\"auto\">:<\/span><\/b><span data-contrast=\"auto\">\u00a0German I<\/span><span data-ccp-props=\"{&quot;201341983&quot;:1,&quot;335551550&quot;:6,&quot;335551620&quot;:6,&quot;335559740&quot;:280}\">\u00a0<\/span><\/p>","protected":false},"excerpt":{"rendered":"<p><span data-contrast=\"auto\">Die Sch\u00fcler wiederholen grundlegende Grammatikkenntnisse, lernen und \u00fcben die Konjugation von Verben, die den Wortstamm ver\u00e4ndern, und erkunden kulturelle Themen wie aktuelle Ereignisse, ber\u00fchmte deutsche Pers\u00f6nlichkeiten, Musik und Feste. <\/span><\/p>\n<p><b><span data-contrast=\"auto\">Prequisite<\/span><\/b><b><span data-contrast=\"auto\">:<\/span><\/b><span data-contrast=\"auto\">\u00a0German I<\/span><span data-ccp-props=\"{&quot;201341983&quot;:1,&quot;335551550&quot;:6,&quot;335551620&quot;:6,&quot;335559740&quot;:280}\">\u00a0<\/span><\/p>","protected":false},"featured_media":846,"template":"","meta":[],"_links":{"self":[{"href":"https:\/\/pay.myhudsonglobal.com\/de\/wp-json\/wp\/v2\/product\/712"}],"collection":[{"href":"https:\/\/pay.myhudsonglobal.com\/de\/wp-json\/wp\/v2\/product"}],"about":[{"href":"https:\/\/pay.myhudsonglobal.com\/de\/wp-json\/wp\/v2\/types\/product"}],"wp:featuredmedia":[{"embeddable":true,"href":"https:\/\/pay.myhudsonglobal.com\/de\/wp-json\/wp\/v2\/media\/846"}],"wp:attachment":[{"href":"https:\/\/pay.myhudsonglobal.com\/de\/wp-json\/wp\/v2\/media?parent=712"}],"curies":[{"name":"wp","href":"https:\/\/api.w.org\/{rel}","templated":true}]}}