{"id":702,"date":"2020-04-13T03:14:24","date_gmt":"2020-04-13T03:14:24","guid":{"rendered":"https:\/\/hgsenrollprod.wpengine.com\/?post_type=product&#038;p=702"},"modified":"2020-04-23T21:41:16","modified_gmt":"2020-04-23T21:41:16","slug":"mathematics-7-a","status":"publish","type":"product","link":"https:\/\/pay.myhudsonglobal.com\/de\/product\/mathematik-7-a\/","title":{"rendered":"Mathematik 7 A"},"content":{"rendered":"<p><span class=\"TextRun SCXW208099076 BCX0\" lang=\"EN-US\" xml:lang=\"EN-US\" data-contrast=\"auto\"><span class=\"NormalTextRun SCXW208099076 BCX0\">In diesem Kurs werden die Sch\u00fcler mit Probleml\u00f6sungsf\u00e4higkeiten arbeiten, beginnend mit Grundkenntnissen in Algebra, Geometrie, Dezimalzahlen, Br\u00fcchen, Datenanalyse, Zahlentheorie und -mustern, Prozents\u00e4tzen und der Verwendung ganzer Zahlen. Anschlie\u00dfend werden sie mit Br\u00fcchen, Einheitenumrechnungen, Proportionen und S\u00e4tzen, Prozents\u00e4tzen, Geometriethemen wie Linien, Winkeln, Polygonen, Polyedern, Umfang, Fl\u00e4cheninhalt, Oberfl\u00e4cheninhalt, Volumen und Transformationen, Quadraten und Quadratwurzeln, Permutationen und Kombinationen sowie Wahrscheinlichkeitsrechnung arbeiten. In allen Einheiten wird die Anwendung von Konzepten in der Praxis betont.<\/span><\/span><span class=\"EOP SCXW208099076 BCX0\" data-ccp-props=\"{&quot;201341983&quot;:1,&quot;335551550&quot;:6,&quot;335551620&quot;:6,&quot;335559740&quot;:280}\">\u00a0<\/span><\/p>","protected":false},"excerpt":{"rendered":"<p><span class=\"TextRun SCXW208099076 BCX0\" lang=\"EN-US\" xml:lang=\"EN-US\" data-contrast=\"auto\"><span class=\"NormalTextRun SCXW208099076 BCX0\">In diesem Kurs werden die Sch\u00fcler mit Probleml\u00f6sungsf\u00e4higkeiten arbeiten, beginnend mit Grundkenntnissen in Algebra, Geometrie, Dezimalzahlen, Br\u00fcchen, Datenanalyse, Zahlentheorie und -mustern, Prozents\u00e4tzen und der Verwendung ganzer Zahlen.<\/span><\/span><\/p>","protected":false},"featured_media":839,"template":"","meta":[],"_links":{"self":[{"href":"https:\/\/pay.myhudsonglobal.com\/de\/wp-json\/wp\/v2\/product\/702"}],"collection":[{"href":"https:\/\/pay.myhudsonglobal.com\/de\/wp-json\/wp\/v2\/product"}],"about":[{"href":"https:\/\/pay.myhudsonglobal.com\/de\/wp-json\/wp\/v2\/types\/product"}],"wp:featuredmedia":[{"embeddable":true,"href":"https:\/\/pay.myhudsonglobal.com\/de\/wp-json\/wp\/v2\/media\/839"}],"wp:attachment":[{"href":"https:\/\/pay.myhudsonglobal.com\/de\/wp-json\/wp\/v2\/media?parent=702"}],"curies":[{"name":"wp","href":"https:\/\/api.w.org\/{rel}","templated":true}]}}