{"id":644,"date":"2020-04-12T05:18:07","date_gmt":"2020-04-12T05:18:07","guid":{"rendered":"https:\/\/hgsenrollprod.wpengine.com\/?post_type=product&#038;p=644"},"modified":"2020-04-23T19:27:13","modified_gmt":"2020-04-23T19:27:13","slug":"integrated-math-3-a-elective","status":"publish","type":"product","link":"https:\/\/pay.myhudsonglobal.com\/de\/product\/integrierte-mathematik-3-a-wahlfach\/","title":{"rendered":"Integrierte Mathematik 3 A (Wahlfach)"},"content":{"rendered":"<p><span data-contrast=\"auto\">Die Sch\u00fclerinnen und Sch\u00fcler in Integrierte Mathematik 3 werden sich darauf konzentrieren, das in den vorangegangenen Kursen erworbene Wissen zu b\u00fcndeln und anzuwenden. Sie werden Methoden aus der Wahrscheinlichkeitsrechnung und Statistik anwenden. Die Sch\u00fcler erweitern ihr Repertoire an Funktionen um polynomiale, rationale und radikale Funktionen. Sie vertiefen ihr Studium der rechtwinkligen Trigonometrie. Die Sch\u00fclerinnen und Sch\u00fcler nutzen alle ihre Erfahrungen mit Funktionen und Geometrie, um Modelle zu erstellen und kontextbezogene Probleme zu l\u00f6sen.<\/span><span data-ccp-props=\"{&quot;201341983&quot;:1,&quot;335551550&quot;:6,&quot;335551620&quot;:6,&quot;335559740&quot;:280}\">\u00a0<\/span><\/p>\n<p><b><span data-contrast=\"auto\">Voraussetzung<\/span><\/b><b><span data-contrast=\"auto\">:<\/span><\/b><span data-contrast=\"auto\">\u00a0Integrierte Mathematik 2<\/span><span data-ccp-props=\"{&quot;201341983&quot;:1,&quot;335551550&quot;:6,&quot;335551620&quot;:6,&quot;335559740&quot;:280}\">\u00a0<\/span><\/p>","protected":false},"excerpt":{"rendered":"<p><span data-contrast=\"auto\">Die Sch\u00fcler erweitern ihr Repertoire an Funktionen um polynomiale, rationale und radikale Funktionen.<\/span><\/p>\n<p><b><span data-contrast=\"auto\">Voraussetzung<\/span><\/b><b><span data-contrast=\"auto\">:<\/span><\/b><span data-contrast=\"auto\">\u00a0Integrierte Mathematik 2, <strong>Wahlpflichtfach<\/strong><\/span><\/p>","protected":false},"featured_media":839,"template":"","meta":[],"_links":{"self":[{"href":"https:\/\/pay.myhudsonglobal.com\/de\/wp-json\/wp\/v2\/product\/644"}],"collection":[{"href":"https:\/\/pay.myhudsonglobal.com\/de\/wp-json\/wp\/v2\/product"}],"about":[{"href":"https:\/\/pay.myhudsonglobal.com\/de\/wp-json\/wp\/v2\/types\/product"}],"wp:featuredmedia":[{"embeddable":true,"href":"https:\/\/pay.myhudsonglobal.com\/de\/wp-json\/wp\/v2\/media\/839"}],"wp:attachment":[{"href":"https:\/\/pay.myhudsonglobal.com\/de\/wp-json\/wp\/v2\/media?parent=644"}],"curies":[{"name":"wp","href":"https:\/\/api.w.org\/{rel}","templated":true}]}}