{"id":576,"date":"2020-04-10T23:33:42","date_gmt":"2020-04-10T23:33:42","guid":{"rendered":"https:\/\/hgsenrollprod.wpengine.com\/?post_type=product&#038;p=576"},"modified":"2020-04-23T20:33:29","modified_gmt":"2020-04-23T20:33:29","slug":"honors-algebra-ii-b","status":"publish","type":"product","link":"https:\/\/pay.myhudsonglobal.com\/de\/product\/algebra-ii-b-fur-fortgeschrittene\/","title":{"rendered":"Honors Algebra II B"},"content":{"rendered":"<p>Semester A\/B - erweitert das Verst\u00e4ndnis der Lernenden f\u00fcr die wichtigsten Algebra-Konzepte und bereitet sie mit den Bausteinen vor, die sie ben\u00f6tigen, um tiefer in die Trigonometrie, die Vorkalkulation und fortgeschrittene Wahrscheinlichkeitsrechnung und Statistik einzutauchen. Zu den Themen geh\u00f6ren Radikale, quadratische Funktionen und Gleichungen, Polynome, rationale Zahlen, Gleichungssysteme und Ungleichungen, Exponenten und Logarithmen, Folgen und Reihen, Wahrscheinlichkeitsrechnung und Statistik sowie Trigonometrie. Im Leistungskurs werden die Sch\u00fcler algebraische Konzepte eingehend studieren, Probleme l\u00f6sen und anwenden.<\/p>\n<p><strong><span class=\"TextRun MacChromeBold Underlined SCXW58294664 BCX0\" lang=\"EN-US\" xml:lang=\"EN-US\" data-contrast=\"auto\"><span class=\"NormalTextRun SCXW58294664 BCX0\">Voraussetzung<\/span><\/span><span class=\"TextRun MacChromeBold Underlined SCXW58294664 BCX0\" lang=\"EN-US\" xml:lang=\"EN-US\" data-contrast=\"auto\"><span class=\"NormalTextRun SCXW58294664 BCX0\">:<\/span><\/span><span class=\"TextRun SCXW58294664 BCX0\" lang=\"EN-US\" xml:lang=\"EN-US\" data-contrast=\"auto\"><span class=\"NormalTextRun SCXW58294664 BCX0\">\u00a0<\/span><\/span><\/strong><span class=\"TextRun SCXW58294664 BCX0\" lang=\"EN-US\" xml:lang=\"EN-US\" data-contrast=\"auto\"><span class=\"NormalTextRun SCXW58294664 BCX0\">Algebra\u00a0<\/span><\/span><span class=\"TextRun SCXW58294664 BCX0\" lang=\"EN-US\" xml:lang=\"EN-US\" data-contrast=\"auto\"><span class=\"NormalTextRun SCXW58294664 BCX0\">1<\/span><\/span><span class=\"EOP SCXW58294664 BCX0\" data-ccp-props=\"{&quot;201341983&quot;:1,&quot;335551550&quot;:6,&quot;335551620&quot;:6,&quot;335559740&quot;:280}\">\u00a0<\/span><\/p>","protected":false},"excerpt":{"rendered":"<p>Zu den Themen geh\u00f6ren Radikale, quadratische Funktionen und Gleichungen, Polynome, rationale Zahlen, Gleichungssysteme und Ungleichungen, Exponenten und Logarithmen, Folgen und Reihen, Wahrscheinlichkeit und Statistik sowie Trigonometrie.<\/p>\n<p><strong><span class=\"TextRun MacChromeBold Underlined SCXW58294664 BCX0\" lang=\"EN-US\" xml:lang=\"EN-US\" data-contrast=\"auto\"><span class=\"NormalTextRun SCXW58294664 BCX0\">Voraussetzung<\/span><\/span><span class=\"TextRun MacChromeBold Underlined SCXW58294664 BCX0\" lang=\"EN-US\" xml:lang=\"EN-US\" data-contrast=\"auto\"><span class=\"NormalTextRun SCXW58294664 BCX0\">:<\/span><\/span><span class=\"TextRun SCXW58294664 BCX0\" lang=\"EN-US\" xml:lang=\"EN-US\" data-contrast=\"auto\"><span class=\"NormalTextRun SCXW58294664 BCX0\">\u00a0<\/span><\/span><\/strong><span class=\"TextRun SCXW58294664 BCX0\" lang=\"EN-US\" xml:lang=\"EN-US\" data-contrast=\"auto\"><span class=\"NormalTextRun SCXW58294664 BCX0\">Algebra\u00a0<\/span><\/span><span class=\"TextRun SCXW58294664 BCX0\" lang=\"EN-US\" xml:lang=\"EN-US\" data-contrast=\"auto\"><span class=\"NormalTextRun SCXW58294664 BCX0\">1<\/span><\/span><span class=\"EOP SCXW58294664 BCX0\" data-ccp-props=\"{&quot;201341983&quot;:1,&quot;335551550&quot;:6,&quot;335551620&quot;:6,&quot;335559740&quot;:280}\">\u00a0<\/span><\/p>","protected":false},"featured_media":839,"template":"","meta":[],"_links":{"self":[{"href":"https:\/\/pay.myhudsonglobal.com\/de\/wp-json\/wp\/v2\/product\/576"}],"collection":[{"href":"https:\/\/pay.myhudsonglobal.com\/de\/wp-json\/wp\/v2\/product"}],"about":[{"href":"https:\/\/pay.myhudsonglobal.com\/de\/wp-json\/wp\/v2\/types\/product"}],"wp:featuredmedia":[{"embeddable":true,"href":"https:\/\/pay.myhudsonglobal.com\/de\/wp-json\/wp\/v2\/media\/839"}],"wp:attachment":[{"href":"https:\/\/pay.myhudsonglobal.com\/de\/wp-json\/wp\/v2\/media?parent=576"}],"curies":[{"name":"wp","href":"https:\/\/api.w.org\/{rel}","templated":true}]}}