{"id":1004,"date":"2020-04-24T20:33:54","date_gmt":"2020-04-24T20:33:54","guid":{"rendered":"https:\/\/hgsenrollprod.wpengine.com\/?post_type=product&#038;p=1004"},"modified":"2020-04-24T20:34:57","modified_gmt":"2020-04-24T20:34:57","slug":"health-grade-4-b","status":"publish","type":"product","link":"https:\/\/pay.myhudsonglobal.com\/de\/product\/health-grade-4-b\/","title":{"rendered":"Health Grade 4 B"},"content":{"rendered":"<p><span class=\"TextRun SCXW156843505 BCX0\" lang=\"EN-US\" xml:lang=\"EN-US\" data-contrast=\"auto\"><span class=\"NormalTextRun SCXW156843505 BCX0\">In Elementary Health 4 entwickeln die Sch\u00fcler ein grundlegendes Verst\u00e4ndnis f\u00fcr die Aspekte der Gesundheit. Sie befassen sich mit den verschiedenen Aspekten ihrer Gesundheit und damit, wie sie gesunde Entscheidungen treffen k\u00f6nnen. Zu den Themen geh\u00f6ren pers\u00f6nliche Sicherheit, Vermeidung von Krankheiten, Vermeidung von Mobbing, Ern\u00e4hrung, gesunde Freundschaften, Notfallsituationen und der menschliche K\u00f6rper. In der vierten Klasse werden die Funktionssysteme des K\u00f6rpers untersucht.<\/span><\/span><\/p>","protected":false},"excerpt":{"rendered":"<p><span class=\"TextRun SCXW156843505 BCX0\" lang=\"EN-US\" xml:lang=\"EN-US\" data-contrast=\"auto\"><span class=\"NormalTextRun SCXW156843505 BCX0\">In Elementary Health 4 erwerben die Sch\u00fcler ein grundlegendes Verst\u00e4ndnis f\u00fcr die Aspekte der Gesundheit.<\/span><\/span><\/p>","protected":false},"featured_media":844,"template":"","meta":[],"_links":{"self":[{"href":"https:\/\/pay.myhudsonglobal.com\/de\/wp-json\/wp\/v2\/product\/1004"}],"collection":[{"href":"https:\/\/pay.myhudsonglobal.com\/de\/wp-json\/wp\/v2\/product"}],"about":[{"href":"https:\/\/pay.myhudsonglobal.com\/de\/wp-json\/wp\/v2\/types\/product"}],"wp:featuredmedia":[{"embeddable":true,"href":"https:\/\/pay.myhudsonglobal.com\/de\/wp-json\/wp\/v2\/media\/844"}],"wp:attachment":[{"href":"https:\/\/pay.myhudsonglobal.com\/de\/wp-json\/wp\/v2\/media?parent=1004"}],"curies":[{"name":"wp","href":"https:\/\/api.w.org\/{rel}","templated":true}]}}